{"id":10594,"date":"2022-05-23T11:52:17","date_gmt":"2022-05-23T09:52:17","guid":{"rendered":"http:\/\/y73i8axqnd.preview.infomaniak.website\/?post_type=product&#038;p=10594"},"modified":"2026-01-12T15:22:56","modified_gmt":"2026-01-12T14:22:56","slug":"samba-24-bustine-cristallo-sicuremballes","status":"publish","type":"product","link":"http:\/\/esprit-cafe.ch\/it\/produit\/samba-24-sachets-cristal-suremballes\/","title":{"rendered":"SAMBA, 24 SACCHETTI CRYSTAL\u00ae, SOVRAINCARTATI"},"content":{"rendered":"<h3>Suggerimenti per la preparazione<\/h3>\n<p>INFUSIONE: 5\/6 minuti<br \/>\nTEMPERATURA: 100\u00b0C<\/p>","protected":false},"excerpt":{"rendered":"<div class=\"description\">\n<p>Samba \u00e8 un'allegra miscela di fiori di ibisco, scorze di rosa canina, pezzi di mela, scorze d'arancia e deliziosi aromi di mango e frutta tropicale. Servita calda o ghiacciata, la sua infusione sar\u00e0 festosa e sgargiante. La consistenza setosa di questo infuso \u00e8 identica a quella degli infusi sfusi della stessa qualit\u00e0.<br \/>\nConfezione da 24 bustine di Cristal\u00ae incartate singolarmente. Peso netto: 96 g<\/p>\n<\/div>\n<div id=\"features\">\n<ul>\n<li>Nota dominante : Frutti esotici<\/li>\n<li>Tipo(i) di infusione(i) : Carcadet<\/li>\n<li>Sapore principale: ibisco<\/li>\n<li>Gusto(i) complementare(i) : Mango, Frutta esotica<\/li>\n<li>Allergeni: Il prodotto pu\u00f2 contenere tracce accidentali di noci e arachidi.<\/li>\n<\/ul>\n<\/div>","protected":false},"featured_media":13185,"template":"","meta":{"inline_featured_image":false},"product_brand":[],"product_cat":[173,185,186],"product_tag":[],"class_list":{"0":"post-10594","1":"product","2":"type-product","3":"status-publish","4":"has-post-thumbnail","6":"product_cat-carcadet","7":"product_cat-infusion","8":"product_cat-thes-infusions","10":"first","11":"outofstock","12":"taxable","13":"shipping-taxable","14":"purchasable","15":"product-type-simple"},"_links":{"self":[{"href":"http:\/\/esprit-cafe.ch\/it\/wp-json\/wp\/v2\/product\/10594","targetHints":{"allow":["GET"]}}],"collection":[{"href":"http:\/\/esprit-cafe.ch\/it\/wp-json\/wp\/v2\/product"}],"about":[{"href":"http:\/\/esprit-cafe.ch\/it\/wp-json\/wp\/v2\/types\/product"}],"version-history":[{"count":1,"href":"http:\/\/esprit-cafe.ch\/it\/wp-json\/wp\/v2\/product\/10594\/revisions"}],"predecessor-version":[{"id":23019,"href":"http:\/\/esprit-cafe.ch\/it\/wp-json\/wp\/v2\/product\/10594\/revisions\/23019"}],"wp:featuredmedia":[{"embeddable":true,"href":"http:\/\/esprit-cafe.ch\/it\/wp-json\/wp\/v2\/media\/13185"}],"wp:attachment":[{"href":"http:\/\/esprit-cafe.ch\/it\/wp-json\/wp\/v2\/media?parent=10594"}],"wp:term":[{"taxonomy":"product_brand","embeddable":true,"href":"http:\/\/esprit-cafe.ch\/it\/wp-json\/wp\/v2\/product_brand?post=10594"},{"taxonomy":"product_cat","embeddable":true,"href":"http:\/\/esprit-cafe.ch\/it\/wp-json\/wp\/v2\/product_cat?post=10594"},{"taxonomy":"product_tag","embeddable":true,"href":"http:\/\/esprit-cafe.ch\/it\/wp-json\/wp\/v2\/product_tag?post=10594"}],"curies":[{"name":"wp","href":"https:\/\/api.w.org\/{rel}","templated":true}]}}