{"id":12481,"date":"2022-10-08T23:32:44","date_gmt":"2022-10-08T21:32:44","guid":{"rendered":"http:\/\/y73i8axqnd.preview.infomaniak.website\/?post_type=product&#038;p=12481"},"modified":"2024-11-14T09:26:42","modified_gmt":"2024-11-14T08:26:42","slug":"x1-anniversario-nero-ese-ground-machine-a-cafe-moulu-et-dosettes-e-s-e","status":"publish","type":"product","link":"http:\/\/esprit-cafe.ch\/it\/produit\/x1-anniversary-noir-ese-ground-machine-a-cafe-moulu-et-dosettes-e-s-e\/","title":{"rendered":"X1 Anniversary Black ESE &amp; Ground - Macchina da caff\u00e8 e cialde E.S.E."},"content":{"rendered":"<p>CARATTERISTICHE TECNICHE<\/p>\n<ul>\n<li>Preparazioni: Espresso macinato \/ Cialde E.S.E.<\/li>\n<li>Formato: espresso macinato \/ cialde E.S.E.<\/li>\n<li>Lunghezza del cavo di alimentazione: 1 m<\/li>\n<li>Capacit\u00e0 del serbatoio dell'acqua: 1 L<\/li>\n<li>Dimensioni: (cm) 26 x 25 x 33<\/li>\n<li>Controllo del volume: automatico<\/li>\n<li>Scaldatazze: No<\/li>\n<li>Portabicchieri regolabile: S\u00ec<\/li>\n<li>Garanzia: 2 anni<\/li>\n<li>Tensione: 230 v<\/li>\n<li>Carrozzeria: acciaio inox<\/li>\n<li>Emulsione di latte: Ugello di vapore<\/li>\n<li>Risparmio energetico: S\u00ec<\/li>\n<li>Caratteristiche: Preparazione multipla<\/li>\n<\/ul>","protected":false},"excerpt":{"rendered":"<p><strong>Per cialde E.S.E. (Easy Serving Espresso)<\/strong><\/p>\n<p>Una bellezza rinnovata, unita alla durata, per raggiungere la perfezione. Alla ricerca dell'espresso perfetto, la macchina X1 Anniversary ESE&amp;Ground \u00e8 stata lanciata come nuovo passo avanti nelle macchine da caff\u00e8 illy. Disegnata da Luca Trazzi, in riferimento al design industriale italiano degli anni '60, \u00e8 lo strumento essenziale per diventare barista.<\/p>","protected":false},"featured_media":12448,"template":"","meta":{"inline_featured_image":false},"product_brand":[],"product_cat":[137,141,142],"product_tag":[],"class_list":{"0":"post-12481","1":"product","2":"type-product","3":"status-publish","4":"has-post-thumbnail","6":"product_cat-machine-a-cafe","7":"product_cat-machines-a-cafe-en-poudre","8":"product_cat-machines-a-cafe-pour-dosettes-e-s-e","10":"first","11":"instock","12":"taxable","13":"shipping-taxable","14":"purchasable","15":"product-type-simple"},"_links":{"self":[{"href":"http:\/\/esprit-cafe.ch\/it\/wp-json\/wp\/v2\/product\/12481","targetHints":{"allow":["GET"]}}],"collection":[{"href":"http:\/\/esprit-cafe.ch\/it\/wp-json\/wp\/v2\/product"}],"about":[{"href":"http:\/\/esprit-cafe.ch\/it\/wp-json\/wp\/v2\/types\/product"}],"version-history":[{"count":1,"href":"http:\/\/esprit-cafe.ch\/it\/wp-json\/wp\/v2\/product\/12481\/revisions"}],"predecessor-version":[{"id":23547,"href":"http:\/\/esprit-cafe.ch\/it\/wp-json\/wp\/v2\/product\/12481\/revisions\/23547"}],"wp:featuredmedia":[{"embeddable":true,"href":"http:\/\/esprit-cafe.ch\/it\/wp-json\/wp\/v2\/media\/12448"}],"wp:attachment":[{"href":"http:\/\/esprit-cafe.ch\/it\/wp-json\/wp\/v2\/media?parent=12481"}],"wp:term":[{"taxonomy":"product_brand","embeddable":true,"href":"http:\/\/esprit-cafe.ch\/it\/wp-json\/wp\/v2\/product_brand?post=12481"},{"taxonomy":"product_cat","embeddable":true,"href":"http:\/\/esprit-cafe.ch\/it\/wp-json\/wp\/v2\/product_cat?post=12481"},{"taxonomy":"product_tag","embeddable":true,"href":"http:\/\/esprit-cafe.ch\/it\/wp-json\/wp\/v2\/product_tag?post=12481"}],"curies":[{"name":"wp","href":"https:\/\/api.w.org\/{rel}","templated":true}]}}