{"id":12488,"date":"2022-10-08T23:41:46","date_gmt":"2022-10-08T21:41:46","guid":{"rendered":"http:\/\/y73i8axqnd.preview.infomaniak.website\/?post_type=product&#038;p=12488"},"modified":"2026-02-25T15:04:17","modified_gmt":"2026-02-25T14:04:17","slug":"illy-facile-macchina-nera-un-caffe-dosette-e-s-e","status":"publish","type":"product","link":"http:\/\/esprit-cafe.ch\/it\/produit\/illy-easy-noir-machine-a-cafe-dosettes-e-s-e\/","title":{"rendered":"illy EASY Black - Macchina da caff\u00e8 a cialde E.S.E."},"content":{"rendered":"<p>CARATTERISTICHE TECNICHE<\/p>\n<ul>\n<li>Preparazioni : Baccelli E.S.E.<\/li>\n<li>Formato: cialde E.S.E.<\/li>\n<li>Lunghezza del cavo di alimentazione: 1 m<\/li>\n<li>Capacit\u00e0 del serbatoio dell'acqua: 1 L<\/li>\n<li>Dimensioni: (cm) 11 x 32 x 26<\/li>\n<li>Portabicchieri regolabile: S\u00ec<\/li>\n<li>Garanzia : 1 anno<\/li>\n<li>Tensione: 230 v<\/li>\n<li>Carrozzeria: plastica<\/li>\n<li>Risparmio energetico: S\u00ec<\/li>\n<li>Caratteristiche: Solo espresso (lungo)<\/li>\n<\/ul>","protected":false},"excerpt":{"rendered":"<p><strong>Per cialde E.S.E. (Easy Serving Espresso)<\/strong><\/p>\n<p>Macchina a cialde in carta E.S.E., ottimizzata per soddisfare gli standard di qualit\u00e0 illy in tazza fin dal primo caff\u00e8. I due pulsanti di erogazione consentono di scegliere tra un caff\u00e8 espresso o un caff\u00e8 lungo. Il funzionamento \u00e8 semplice e intuitivo: la cialda viene inserita dall'alto ed espulsa nel contenitore. Le dimensioni compatte massimizzano il comfort dell'utente.<\/p>","protected":false},"featured_media":12469,"template":"","meta":{"inline_featured_image":false},"product_brand":[],"product_cat":[137,142],"product_tag":[],"class_list":{"0":"post-12488","1":"product","2":"type-product","3":"status-publish","4":"has-post-thumbnail","6":"product_cat-machine-a-cafe","7":"product_cat-machines-a-cafe-pour-dosettes-e-s-e","9":"first","10":"instock","11":"taxable","12":"shipping-taxable","13":"purchasable","14":"product-type-simple"},"_links":{"self":[{"href":"http:\/\/esprit-cafe.ch\/it\/wp-json\/wp\/v2\/product\/12488","targetHints":{"allow":["GET"]}}],"collection":[{"href":"http:\/\/esprit-cafe.ch\/it\/wp-json\/wp\/v2\/product"}],"about":[{"href":"http:\/\/esprit-cafe.ch\/it\/wp-json\/wp\/v2\/types\/product"}],"version-history":[{"count":1,"href":"http:\/\/esprit-cafe.ch\/it\/wp-json\/wp\/v2\/product\/12488\/revisions"}],"predecessor-version":[{"id":23545,"href":"http:\/\/esprit-cafe.ch\/it\/wp-json\/wp\/v2\/product\/12488\/revisions\/23545"}],"wp:featuredmedia":[{"embeddable":true,"href":"http:\/\/esprit-cafe.ch\/it\/wp-json\/wp\/v2\/media\/12469"}],"wp:attachment":[{"href":"http:\/\/esprit-cafe.ch\/it\/wp-json\/wp\/v2\/media?parent=12488"}],"wp:term":[{"taxonomy":"product_brand","embeddable":true,"href":"http:\/\/esprit-cafe.ch\/it\/wp-json\/wp\/v2\/product_brand?post=12488"},{"taxonomy":"product_cat","embeddable":true,"href":"http:\/\/esprit-cafe.ch\/it\/wp-json\/wp\/v2\/product_cat?post=12488"},{"taxonomy":"product_tag","embeddable":true,"href":"http:\/\/esprit-cafe.ch\/it\/wp-json\/wp\/v2\/product_tag?post=12488"}],"curies":[{"name":"wp","href":"https:\/\/api.w.org\/{rel}","templated":true}]}}