{"id":12512,"date":"2022-10-09T20:44:35","date_gmt":"2022-10-09T18:44:35","guid":{"rendered":"http:\/\/y73i8axqnd.preview.infomaniak.website\/?post_type=product&#038;p=12512"},"modified":"2025-01-14T11:23:09","modified_gmt":"2025-01-14T10:23:09","slug":"x1-anniversario-nero-ese-macchina-terra-un-caffe-stampato-e-tosettes-e-moulin-a-caffe","status":"publish","type":"product","link":"http:\/\/esprit-cafe.ch\/it\/produit\/x1-anniversary-noir-ese-ground-machine-a-cafe-moulu-et-dosettes-e-s-e-moulin-a-cafe\/","title":{"rendered":"X1 Anniversary Black ESE &amp; Ground - Macchina da caff\u00e8 E.S.E. e cialde + macinino"},"content":{"rendered":"<p>CARATTERISTICHE TECNICHE<\/p>\n<ul>\n<li>Preparazioni: Espresso macinato \/ Cialde E.S.E.<\/li>\n<li>Formato: espresso macinato \/ cialde E.S.E.<\/li>\n<li>Lunghezza del cavo di alimentazione: 1 m<\/li>\n<li>Capacit\u00e0 del serbatoio dell'acqua: 1 L<\/li>\n<li>Dimensioni: (cm) 26 x 25 x 33<\/li>\n<li>Controllo del volume: automatico<\/li>\n<li>Scaldatazze: No<\/li>\n<li>Portabicchieri regolabile: S\u00ec<\/li>\n<li>Garanzia: 2 anni<\/li>\n<li>Tensione: 230 v<\/li>\n<li>Carrozzeria: acciaio inox<\/li>\n<li>Emulsione di latte: Ugello di vapore<\/li>\n<li>Risparmio energetico: S\u00ec<\/li>\n<li>Caratteristiche: Preparazione multipla<\/li>\n<\/ul>\n<p>SPECIFICHE DEL PRODOTTO MACINACAFF\u00c8<\/p>\n<ul>\n<li>Tecnologia silenziosa<\/li>\n<li>Sistema ACE<\/li>\n<li>Espresso e birra<\/li>\n<li>Manutenzione ultra rapida<\/li>\n<li>Regolazione micrometrica progressiva brevettata<\/li>\n<li>Forcella a mani libere<\/li>\n<li>NUMERO DI GIRI: 1350<\/li>\n<li>Macinacaff\u00e8 per tutte le preparazioni<\/li>\n<li style=\"list-style-type: none;\"><\/li>\n<\/ul>","protected":false},"excerpt":{"rendered":"<p><strong>Un kit perfetto per gli amanti del caff\u00e8 macinato<\/strong><\/p>\n<p>Una bellezza rinnovata, unita alla durata, per raggiungere la perfezione. Alla ricerca dell'espresso perfetto, la macchina X1 Anniversary ESE&amp;Ground \u00e8 stata lanciata come nuovo passo avanti nelle macchine da caff\u00e8 illy. Disegnata da Luca Trazzi, in riferimento al design industriale italiano degli anni '60, \u00e8 lo strumento essenziale per diventare barista. Macinacaff\u00e8 Grazie alle dimensioni compatte del macinacaff\u00e8 Eureka Mignon Silenzio, il macinacaff\u00e8 si trova a suo agio anche nella cucina pi\u00f9 piccola. Grazie al timer regolabile e alle impostazioni di macinatura a regolazione continua, \u00e8 il macinacaff\u00e8 perfetto per i baristi domestici pi\u00f9 esigenti. In fondo a questa pagina troverete informazioni pi\u00f9 dettagliate e le specifiche di entrambe le macchine.<\/p>","protected":false},"featured_media":12537,"template":"","meta":{"inline_featured_image":false},"product_brand":[],"product_cat":[137,141],"product_tag":[],"class_list":{"0":"post-12512","1":"product","2":"type-product","3":"status-publish","4":"has-post-thumbnail","6":"product_cat-machine-a-cafe","7":"product_cat-machines-a-cafe-en-poudre","9":"first","10":"instock","11":"taxable","12":"shipping-taxable","13":"purchasable","14":"product-type-simple"},"_links":{"self":[{"href":"http:\/\/esprit-cafe.ch\/it\/wp-json\/wp\/v2\/product\/12512","targetHints":{"allow":["GET"]}}],"collection":[{"href":"http:\/\/esprit-cafe.ch\/it\/wp-json\/wp\/v2\/product"}],"about":[{"href":"http:\/\/esprit-cafe.ch\/it\/wp-json\/wp\/v2\/types\/product"}],"version-history":[{"count":1,"href":"http:\/\/esprit-cafe.ch\/it\/wp-json\/wp\/v2\/product\/12512\/revisions"}],"predecessor-version":[{"id":22802,"href":"http:\/\/esprit-cafe.ch\/it\/wp-json\/wp\/v2\/product\/12512\/revisions\/22802"}],"wp:featuredmedia":[{"embeddable":true,"href":"http:\/\/esprit-cafe.ch\/it\/wp-json\/wp\/v2\/media\/12537"}],"wp:attachment":[{"href":"http:\/\/esprit-cafe.ch\/it\/wp-json\/wp\/v2\/media?parent=12512"}],"wp:term":[{"taxonomy":"product_brand","embeddable":true,"href":"http:\/\/esprit-cafe.ch\/it\/wp-json\/wp\/v2\/product_brand?post=12512"},{"taxonomy":"product_cat","embeddable":true,"href":"http:\/\/esprit-cafe.ch\/it\/wp-json\/wp\/v2\/product_cat?post=12512"},{"taxonomy":"product_tag","embeddable":true,"href":"http:\/\/esprit-cafe.ch\/it\/wp-json\/wp\/v2\/product_tag?post=12512"}],"curies":[{"name":"wp","href":"https:\/\/api.w.org\/{rel}","templated":true}]}}