{"id":12549,"date":"2022-10-09T21:07:56","date_gmt":"2022-10-09T19:07:56","guid":{"rendered":"http:\/\/y73i8axqnd.preview.infomaniak.website\/?post_type=product&#038;p=12549"},"modified":"2025-01-14T11:23:23","modified_gmt":"2025-01-14T10:23:23","slug":"moulin-a-caffe-eureka-mignon-silenzio-illy","status":"publish","type":"product","link":"http:\/\/esprit-cafe.ch\/it\/produit\/moulin-a-cafe-eureka-mignon-silenzio-illy\/","title":{"rendered":"Macina caff\u00e8 EUREKA MIGNON SILENZIO - illy"},"content":{"rendered":"<p>SPECIFICHE DEL PRODOTTO MACINACAFF\u00c8<\/p>\n<ul>\n<li>Tecnologia silenziosa<\/li>\n<li>Sistema ACE<\/li>\n<li>Espresso e birra<\/li>\n<li>Manutenzione ultra rapida<\/li>\n<li>Regolazione micrometrica progressiva brevettata<\/li>\n<li>Forcella a mani libere<\/li>\n<li>NUMERO DI GIRI: 1350<\/li>\n<li>Macinacaff\u00e8 per tutte le preparazioni<\/li>\n<\/ul>","protected":false},"excerpt":{"rendered":"<p>Regolazione continua. Il sistema brevettato garantisce un'incomparabile precisione di regolazione, facendovi risparmiare tempo e caff\u00e8. Le grandi macine piatte da 50 mm, combinate con il potente motore, assicurano una macinatura costante di volta in volta, per ottenere il massimo dal vostro caff\u00e8. Il macinacaff\u00e8 \u00e8 dotato della tecnologia silenziosa di Eureka, che riduce il rumore di circa 20 dB rispetto ai macinacaff\u00e8 tradizionali.<\/p>\n<p>Questo macinacaff\u00e8 \u00e8 dotato di un sistema di sospensione intelligente per i dischi di macinazione, che consente di effettuare facilmente la manutenzione e la pulizia del macinino senza perdere l'impostazione della macinatura. A differenza di molti altri macinacaff\u00e8, il disco di macinazione superiore \u00e8 fisso e quello inferiore \u00e8 regolabile.<\/p>","protected":false},"featured_media":12536,"template":"","meta":{"inline_featured_image":false},"product_brand":[],"product_cat":[210,253,137,141],"product_tag":[],"class_list":{"0":"post-12549","1":"product","2":"type-product","3":"status-publish","4":"has-post-thumbnail","6":"product_cat-accessoires","7":"product_cat-accessoires-machines","8":"product_cat-machine-a-cafe","9":"product_cat-machines-a-cafe-en-poudre","11":"first","12":"instock","13":"taxable","14":"shipping-taxable","15":"purchasable","16":"product-type-simple"},"_links":{"self":[{"href":"http:\/\/esprit-cafe.ch\/it\/wp-json\/wp\/v2\/product\/12549","targetHints":{"allow":["GET"]}}],"collection":[{"href":"http:\/\/esprit-cafe.ch\/it\/wp-json\/wp\/v2\/product"}],"about":[{"href":"http:\/\/esprit-cafe.ch\/it\/wp-json\/wp\/v2\/types\/product"}],"version-history":[{"count":1,"href":"http:\/\/esprit-cafe.ch\/it\/wp-json\/wp\/v2\/product\/12549\/revisions"}],"predecessor-version":[{"id":23230,"href":"http:\/\/esprit-cafe.ch\/it\/wp-json\/wp\/v2\/product\/12549\/revisions\/23230"}],"wp:featuredmedia":[{"embeddable":true,"href":"http:\/\/esprit-cafe.ch\/it\/wp-json\/wp\/v2\/media\/12536"}],"wp:attachment":[{"href":"http:\/\/esprit-cafe.ch\/it\/wp-json\/wp\/v2\/media?parent=12549"}],"wp:term":[{"taxonomy":"product_brand","embeddable":true,"href":"http:\/\/esprit-cafe.ch\/it\/wp-json\/wp\/v2\/product_brand?post=12549"},{"taxonomy":"product_cat","embeddable":true,"href":"http:\/\/esprit-cafe.ch\/it\/wp-json\/wp\/v2\/product_cat?post=12549"},{"taxonomy":"product_tag","embeddable":true,"href":"http:\/\/esprit-cafe.ch\/it\/wp-json\/wp\/v2\/product_tag?post=12549"}],"curies":[{"name":"wp","href":"https:\/\/api.w.org\/{rel}","templated":true}]}}