{"id":14223,"date":"2022-12-16T10:30:26","date_gmt":"2022-12-16T09:30:26","guid":{"rendered":"http:\/\/y73i8axqnd.preview.infomaniak.website\/?post_type=product&#038;p=14223"},"modified":"2024-03-10T13:57:44","modified_gmt":"2024-03-10T12:57:44","slug":"il-vert-a-la-menthe-aromatise-24-bustine-cristallo-sicuremballes","status":"publish","type":"product","link":"http:\/\/esprit-cafe.ch\/it\/produit\/the-vert-a-la-menthe-aromatise-24-sachets-cristal-suremballes\/","title":{"rendered":"T\u00c8 VERDE AROMATIZZATO ALLA MENTA, 24 BUSTINE DI CRISTALLO"},"content":{"rendered":"<h3>Suggerimenti per la preparazione<\/h3>\n<p>INFUSIONE: 3\/4 mn<br \/>\nTEMPERATURA: 90\u00b0C<\/p>","protected":false},"excerpt":{"rendered":"<div class=\"description\">\n<p>Ispirato al classico t\u00e8 alla menta marocchino, il nostro t\u00e8 verde aromatizzato alla menta combina il t\u00e8 verde Gunpowder in proporzioni perfette con due variet\u00e0 di foglie di menta per creare una sinergia perfetta. La comunione tra la delicata menta dolce e la sottile freschezza della menta piperita, entrambe veicolate dal t\u00e8, vi regaler\u00e0 un infuso potente e rinfrescante. Secondo la tradizione, questo t\u00e8 va bevuto caldo e dolce.<\/p>\n<\/div>\n<div id=\"features\">\n<ul>\n<li>Nota dominante : Menta \/ Vegetale<\/li>\n<li>Tipo(i) di infuso(i) : T\u00e8 verde<\/li>\n<li>Sapore principale : Menta<\/li>\n<li>Allergeni: Il prodotto pu\u00f2 contenere tracce accidentali di noci e arachidi.<\/li>\n<\/ul>\n<\/div>","protected":false},"featured_media":14226,"template":"","meta":{"inline_featured_image":false},"product_brand":[],"product_cat":[136,172],"product_tag":[],"class_list":{"0":"post-14223","1":"product","2":"type-product","3":"status-publish","4":"has-post-thumbnail","6":"product_cat-the","7":"product_cat-the-vert","9":"first","10":"instock","11":"taxable","12":"shipping-taxable","13":"purchasable","14":"product-type-simple"},"_links":{"self":[{"href":"http:\/\/esprit-cafe.ch\/it\/wp-json\/wp\/v2\/product\/14223","targetHints":{"allow":["GET"]}}],"collection":[{"href":"http:\/\/esprit-cafe.ch\/it\/wp-json\/wp\/v2\/product"}],"about":[{"href":"http:\/\/esprit-cafe.ch\/it\/wp-json\/wp\/v2\/types\/product"}],"version-history":[{"count":1,"href":"http:\/\/esprit-cafe.ch\/it\/wp-json\/wp\/v2\/product\/14223\/revisions"}],"predecessor-version":[{"id":22345,"href":"http:\/\/esprit-cafe.ch\/it\/wp-json\/wp\/v2\/product\/14223\/revisions\/22345"}],"wp:featuredmedia":[{"embeddable":true,"href":"http:\/\/esprit-cafe.ch\/it\/wp-json\/wp\/v2\/media\/14226"}],"wp:attachment":[{"href":"http:\/\/esprit-cafe.ch\/it\/wp-json\/wp\/v2\/media?parent=14223"}],"wp:term":[{"taxonomy":"product_brand","embeddable":true,"href":"http:\/\/esprit-cafe.ch\/it\/wp-json\/wp\/v2\/product_brand?post=14223"},{"taxonomy":"product_cat","embeddable":true,"href":"http:\/\/esprit-cafe.ch\/it\/wp-json\/wp\/v2\/product_cat?post=14223"},{"taxonomy":"product_tag","embeddable":true,"href":"http:\/\/esprit-cafe.ch\/it\/wp-json\/wp\/v2\/product_tag?post=14223"}],"curies":[{"name":"wp","href":"https:\/\/api.w.org\/{rel}","templated":true}]}}