{"id":16159,"date":"2023-01-23T11:03:30","date_gmt":"2023-01-23T10:03:30","guid":{"rendered":"http:\/\/y73i8axqnd.preview.infomaniak.website\/?post_type=product&#038;p=16159"},"modified":"2025-10-17T15:26:49","modified_gmt":"2025-10-17T13:26:49","slug":"bicchiere-espresso-illy-60ml","status":"publish","type":"product","link":"http:\/\/esprit-cafe.ch\/it\/produit\/verre-a-espresso-illy-60ml\/","title":{"rendered":"6 bicchieri da espresso illy (60 ml)"},"content":{"rendered":"<p>Dal 1992, da un'idea di Francesco Illy, la tazzina di porcellana, disegnata da Matteo Thun e icona di illycaff\u00e8, \u00e8 stata la superficie su cui si sono espressi oltre 70 grandi artisti della scena artistica contemporanea internazionale, da Michelangelo Pistoletto a Marina Abramovic, da Sandro Chia a Julian Schnabel, da Robert Rauschenberg a Jeff Koons, da Joseph Kosuth a James Rosenquist.<\/p>\n<p>Per gustare al meglio la miscela illy, occorre prestare attenzione non solo all'attrezzatura pi\u00f9 adatta per lavorarla, ma anche all'ultimo anello della catena: il contenitore che porter\u00e0 il caff\u00e8 alle labbra. Perch\u00e9 la soddisfazione finale \u00e8 determinata anche dal contenitore, la cui scelta non pu\u00f2 essere lasciata al caso.<\/p>\n<p>\u00c8 per questo che l'architetto e designer Matteo Thun \u00e8 stato invitato da illy nel 1990 a ridisegnare la tazzina da caff\u00e8, dandole una forma unica in termini di design, ma anche una tazzina capace di esaltare l'espresso illy.<\/p>\n<p>Sono state studiate non solo le tazzine da espresso, ma anche le tazze grandi, le tazzine e gli altri strumenti coinvolti nell'esperimento per gustare il caff\u00e8 ottenuto attraverso il metodo di preparazione scelto (moka, caff\u00e8 filtro, ecc.).<\/p>","protected":false},"excerpt":{"rendered":"<p>I nuovi bicchieri Freddo di illy: pensati per l'espresso e perfetti per illycrema e l'espresso macchiato.<\/p>","protected":false},"featured_media":16162,"template":"","meta":{"inline_featured_image":false},"product_brand":[],"product_cat":[210,251],"product_tag":[],"class_list":{"0":"post-16159","1":"product","2":"type-product","3":"status-publish","4":"has-post-thumbnail","6":"product_cat-accessoires","7":"product_cat-accessoires-cafe","9":"first","10":"instock","11":"taxable","12":"shipping-taxable","13":"purchasable","14":"product-type-simple"},"_links":{"self":[{"href":"http:\/\/esprit-cafe.ch\/it\/wp-json\/wp\/v2\/product\/16159","targetHints":{"allow":["GET"]}}],"collection":[{"href":"http:\/\/esprit-cafe.ch\/it\/wp-json\/wp\/v2\/product"}],"about":[{"href":"http:\/\/esprit-cafe.ch\/it\/wp-json\/wp\/v2\/types\/product"}],"version-history":[{"count":1,"href":"http:\/\/esprit-cafe.ch\/it\/wp-json\/wp\/v2\/product\/16159\/revisions"}],"predecessor-version":[{"id":27028,"href":"http:\/\/esprit-cafe.ch\/it\/wp-json\/wp\/v2\/product\/16159\/revisions\/27028"}],"wp:featuredmedia":[{"embeddable":true,"href":"http:\/\/esprit-cafe.ch\/it\/wp-json\/wp\/v2\/media\/16162"}],"wp:attachment":[{"href":"http:\/\/esprit-cafe.ch\/it\/wp-json\/wp\/v2\/media?parent=16159"}],"wp:term":[{"taxonomy":"product_brand","embeddable":true,"href":"http:\/\/esprit-cafe.ch\/it\/wp-json\/wp\/v2\/product_brand?post=16159"},{"taxonomy":"product_cat","embeddable":true,"href":"http:\/\/esprit-cafe.ch\/it\/wp-json\/wp\/v2\/product_cat?post=16159"},{"taxonomy":"product_tag","embeddable":true,"href":"http:\/\/esprit-cafe.ch\/it\/wp-json\/wp\/v2\/product_tag?post=16159"}],"curies":[{"name":"wp","href":"https:\/\/api.w.org\/{rel}","templated":true}]}}