{"id":16276,"date":"2023-01-25T17:43:37","date_gmt":"2023-01-25T16:43:37","guid":{"rendered":"http:\/\/y73i8axqnd.preview.infomaniak.website\/?post_type=product&#038;p=16276"},"modified":"2024-01-16T14:50:32","modified_gmt":"2024-01-16T13:50:32","slug":"bac-a-marc-knock-box","status":"publish","type":"product","link":"http:\/\/esprit-cafe.ch\/it\/produit\/bac-a-marc-knock-box\/","title":{"rendered":"Scatola di bussare"},"content":{"rendered":"","protected":false},"excerpt":{"rendered":"<p>Il contenitore per i fondi di caff\u00e8 (Knock Box) \u00e8 l'accessorio essenziale per scaricare i fondi di caff\u00e8 (o le cialde E.S.E.), in modo da poter tornare a essere un barista nel comfort di casa propria.<br \/>\nCon il suo design minimalista, d\u00e0 un tocco professionale alla cucina, senza il rischio di graffiare il piano di lavoro grazie alla parte inferiore antiscivolo. La robusta barra d'appoggio \u00e8 rivestita in silicone per assorbire gli urti.<\/p>","protected":false},"featured_media":16277,"template":"","meta":{"inline_featured_image":false},"product_brand":[],"product_cat":[210,251],"product_tag":[],"class_list":{"0":"post-16276","1":"product","2":"type-product","3":"status-publish","4":"has-post-thumbnail","6":"product_cat-accessoires","7":"product_cat-accessoires-cafe","9":"first","10":"outofstock","11":"taxable","12":"shipping-taxable","13":"purchasable","14":"product-type-simple"},"_links":{"self":[{"href":"http:\/\/esprit-cafe.ch\/it\/wp-json\/wp\/v2\/product\/16276","targetHints":{"allow":["GET"]}}],"collection":[{"href":"http:\/\/esprit-cafe.ch\/it\/wp-json\/wp\/v2\/product"}],"about":[{"href":"http:\/\/esprit-cafe.ch\/it\/wp-json\/wp\/v2\/types\/product"}],"version-history":[{"count":0,"href":"http:\/\/esprit-cafe.ch\/it\/wp-json\/wp\/v2\/product\/16276\/revisions"}],"wp:featuredmedia":[{"embeddable":true,"href":"http:\/\/esprit-cafe.ch\/it\/wp-json\/wp\/v2\/media\/16277"}],"wp:attachment":[{"href":"http:\/\/esprit-cafe.ch\/it\/wp-json\/wp\/v2\/media?parent=16276"}],"wp:term":[{"taxonomy":"product_brand","embeddable":true,"href":"http:\/\/esprit-cafe.ch\/it\/wp-json\/wp\/v2\/product_brand?post=16276"},{"taxonomy":"product_cat","embeddable":true,"href":"http:\/\/esprit-cafe.ch\/it\/wp-json\/wp\/v2\/product_cat?post=16276"},{"taxonomy":"product_tag","embeddable":true,"href":"http:\/\/esprit-cafe.ch\/it\/wp-json\/wp\/v2\/product_tag?post=16276"}],"curies":[{"name":"wp","href":"https:\/\/api.w.org\/{rel}","templated":true}]}}