{"id":17718,"date":"2023-03-26T22:26:09","date_gmt":"2023-03-26T20:26:09","guid":{"rendered":"http:\/\/y73i8axqnd.preview.infomaniak.website\/?post_type=product&#038;p=17718"},"modified":"2024-01-16T14:59:12","modified_gmt":"2024-01-16T13:59:12","slug":"scatola-carmin-2","status":"publish","type":"product","link":"http:\/\/esprit-cafe.ch\/it\/produit\/coffret-carmin-2\/","title":{"rendered":"SCATOLA \"CARMINE"},"content":{"rendered":"","protected":false},"excerpt":{"rendered":"<p><strong>Consegna in 3-10 giorni lavorativi.<\/strong><\/p>\n<p>Elegante, questa preziosa scatola di legno laccato presenta, accanto a una clessidra, 18 t\u00e8 e miscele aromatizzate selezionate tra le creazioni di Dammann Fr\u00e8res per offrire, come una cantina del t\u00e8, all'amatore come all'intenditore degustazioni con sapori sempre nuovi.<\/p>\n<ul>\n<li>0 - Earl Grey Yin Zhen - 30 g<\/li>\n<li>1 - Dushka dal sapore russo - 30 g<\/li>\n<li>2 - L'\u00d4riental - 30 g<\/li>\n<li>3 - Giardino Blu - 30 g<\/li>\n<li>5 - Godetevi l'estate - 30 g<\/li>\n<li>6 - Colazione - 30 g<\/li>\n<li>8 - Darjeeling G.F.O.P. - 30 g<\/li>\n<li>11 - Paul &amp; Virginie - 30 g<\/li>\n<li>12 - Yunnan - 30 g<\/li>\n<li>13 - Gelsomino Chung Hao - 30 g<\/li>\n<li>16 - Sole Verde - 30 g<\/li>\n<li>17 - 7 Fragranze - 30 g<\/li>\n<li>20 - Passione dei fiori - 15 g<\/li>\n<li>277 - Notte a Versailles - 30 g<\/li>\n<li>315 - Bali - 30 g<\/li>\n<li>364 - T\u00e8 Mille Collines - 30 g<\/li>\n<li>445 - Caramello al burro salato Oolong - 30 g<\/li>\n<li>472 - Torta di noci - 30 g<\/li>\n<\/ul>","protected":false},"featured_media":17719,"template":"","meta":{"inline_featured_image":false},"product_brand":[],"product_cat":[210,252],"product_tag":[],"class_list":{"0":"post-17718","1":"product","2":"type-product","3":"status-publish","4":"has-post-thumbnail","6":"product_cat-accessoires","7":"product_cat-accessoires-the","9":"first","10":"instock","11":"taxable","12":"shipping-taxable","13":"purchasable","14":"product-type-simple"},"_links":{"self":[{"href":"http:\/\/esprit-cafe.ch\/it\/wp-json\/wp\/v2\/product\/17718","targetHints":{"allow":["GET"]}}],"collection":[{"href":"http:\/\/esprit-cafe.ch\/it\/wp-json\/wp\/v2\/product"}],"about":[{"href":"http:\/\/esprit-cafe.ch\/it\/wp-json\/wp\/v2\/types\/product"}],"version-history":[{"count":0,"href":"http:\/\/esprit-cafe.ch\/it\/wp-json\/wp\/v2\/product\/17718\/revisions"}],"wp:featuredmedia":[{"embeddable":true,"href":"http:\/\/esprit-cafe.ch\/it\/wp-json\/wp\/v2\/media\/17719"}],"wp:attachment":[{"href":"http:\/\/esprit-cafe.ch\/it\/wp-json\/wp\/v2\/media?parent=17718"}],"wp:term":[{"taxonomy":"product_brand","embeddable":true,"href":"http:\/\/esprit-cafe.ch\/it\/wp-json\/wp\/v2\/product_brand?post=17718"},{"taxonomy":"product_cat","embeddable":true,"href":"http:\/\/esprit-cafe.ch\/it\/wp-json\/wp\/v2\/product_cat?post=17718"},{"taxonomy":"product_tag","embeddable":true,"href":"http:\/\/esprit-cafe.ch\/it\/wp-json\/wp\/v2\/product_tag?post=17718"}],"curies":[{"name":"wp","href":"https:\/\/api.w.org\/{rel}","templated":true}]}}