{"id":17732,"date":"2023-03-26T22:38:57","date_gmt":"2023-03-26T20:38:57","guid":{"rendered":"http:\/\/y73i8axqnd.preview.infomaniak.website\/?post_type=product&#038;p=17732"},"modified":"2024-01-16T14:59:11","modified_gmt":"2024-01-16T13:59:11","slug":"coffret-escape-2","status":"publish","type":"product","link":"http:\/\/esprit-cafe.ch\/it\/produit\/coffret-escape-2\/","title":{"rendered":"SCATOLA \"ESCAPE"},"content":{"rendered":"","protected":false},"excerpt":{"rendered":"<p><strong>Consegna in 3-10 giorni lavorativi.<\/strong><\/p>\n<p>Astuccio in ecopelle con un assortimento di 32 bustine di Cristal\u00ae incartate.<br \/>\nPratico ed elegante, vi permetter\u00e0 di portare con voi la selezione dei vostri t\u00e8 preferiti in bustine Cristal\u00ae ovunque e per qualsiasi occasione. Oltre 50 variet\u00e0 di t\u00e8 e infusi disponibili nella nostra gamma. 8 bustine di 4 variet\u00e0 di t\u00e8 aromatizzati:<\/p>\n<ul>\n<li>549 - Enjoy Summer, t\u00e8 verde aromatizzato<\/li>\n<li>499 - Great Russian Flavour, t\u00e8 nero aromatizzato<\/li>\n<li>14 - Pomme d'Amour, t\u00e8 nero aromatizzato<\/li>\n<li>480 - Tisana delle Meraviglie, tisana aromatizzata<\/li>\n<\/ul>","protected":false},"featured_media":17737,"template":"","meta":{"inline_featured_image":false},"product_brand":[],"product_cat":[210,252],"product_tag":[],"class_list":{"0":"post-17732","1":"product","2":"type-product","3":"status-publish","4":"has-post-thumbnail","6":"product_cat-accessoires","7":"product_cat-accessoires-the","9":"first","10":"instock","11":"taxable","12":"shipping-taxable","13":"purchasable","14":"product-type-simple"},"_links":{"self":[{"href":"http:\/\/esprit-cafe.ch\/it\/wp-json\/wp\/v2\/product\/17732","targetHints":{"allow":["GET"]}}],"collection":[{"href":"http:\/\/esprit-cafe.ch\/it\/wp-json\/wp\/v2\/product"}],"about":[{"href":"http:\/\/esprit-cafe.ch\/it\/wp-json\/wp\/v2\/types\/product"}],"version-history":[{"count":0,"href":"http:\/\/esprit-cafe.ch\/it\/wp-json\/wp\/v2\/product\/17732\/revisions"}],"wp:featuredmedia":[{"embeddable":true,"href":"http:\/\/esprit-cafe.ch\/it\/wp-json\/wp\/v2\/media\/17737"}],"wp:attachment":[{"href":"http:\/\/esprit-cafe.ch\/it\/wp-json\/wp\/v2\/media?parent=17732"}],"wp:term":[{"taxonomy":"product_brand","embeddable":true,"href":"http:\/\/esprit-cafe.ch\/it\/wp-json\/wp\/v2\/product_brand?post=17732"},{"taxonomy":"product_cat","embeddable":true,"href":"http:\/\/esprit-cafe.ch\/it\/wp-json\/wp\/v2\/product_cat?post=17732"},{"taxonomy":"product_tag","embeddable":true,"href":"http:\/\/esprit-cafe.ch\/it\/wp-json\/wp\/v2\/product_tag?post=17732"}],"curies":[{"name":"wp","href":"https:\/\/api.w.org\/{rel}","templated":true}]}}