{"id":17744,"date":"2023-03-26T22:40:34","date_gmt":"2023-03-26T20:40:34","guid":{"rendered":"http:\/\/y73i8axqnd.preview.infomaniak.website\/?post_type=product&#038;p=17744"},"modified":"2024-01-16T14:59:11","modified_gmt":"2024-01-16T13:59:11","slug":"viaggio-2-caso","status":"publish","type":"product","link":"http:\/\/esprit-cafe.ch\/it\/produit\/coffret-journey-2\/","title":{"rendered":"COFANETTO \"VIAGGIO"},"content":{"rendered":"","protected":false},"excerpt":{"rendered":"<p><strong>Consegna in 3-10 giorni lavorativi.<\/strong><\/p>\n<p>Astuccio in similpelle rossa con un assortimento di 32 sacchetti di Cristal\u00ae incartati.<br \/>\nPratico ed elegante, vi permetter\u00e0 di portare con voi la selezione dei vostri t\u00e8 preferiti in bustine Cristal\u00ae ovunque e per qualsiasi occasione. Oltre 50 variet\u00e0 di t\u00e8 e infusi disponibili nella nostra gamma. 8 bustine di 4 variet\u00e0 di t\u00e8 aromatizzati:<\/p>\n<ul>\n<li>TOUAREG, t\u00e8 verde aromatizzato alla menta<\/li>\n<li>MISS DAMMANN, t\u00e8 verde aromatizzato<\/li>\n<li>CARAMELLO, t\u00e8 nero aromatizzato<\/li>\n<li>CARCADET PASSION FRAMBOISE, preparazione aromatizzata per infusione<\/li>\n<\/ul>","protected":false},"featured_media":17742,"template":"","meta":{"inline_featured_image":false},"product_brand":[],"product_cat":[210,252],"product_tag":[],"class_list":{"0":"post-17744","1":"product","2":"type-product","3":"status-publish","4":"has-post-thumbnail","6":"product_cat-accessoires","7":"product_cat-accessoires-the","9":"first","10":"instock","11":"taxable","12":"shipping-taxable","13":"purchasable","14":"product-type-simple"},"_links":{"self":[{"href":"http:\/\/esprit-cafe.ch\/it\/wp-json\/wp\/v2\/product\/17744","targetHints":{"allow":["GET"]}}],"collection":[{"href":"http:\/\/esprit-cafe.ch\/it\/wp-json\/wp\/v2\/product"}],"about":[{"href":"http:\/\/esprit-cafe.ch\/it\/wp-json\/wp\/v2\/types\/product"}],"version-history":[{"count":0,"href":"http:\/\/esprit-cafe.ch\/it\/wp-json\/wp\/v2\/product\/17744\/revisions"}],"wp:featuredmedia":[{"embeddable":true,"href":"http:\/\/esprit-cafe.ch\/it\/wp-json\/wp\/v2\/media\/17742"}],"wp:attachment":[{"href":"http:\/\/esprit-cafe.ch\/it\/wp-json\/wp\/v2\/media?parent=17744"}],"wp:term":[{"taxonomy":"product_brand","embeddable":true,"href":"http:\/\/esprit-cafe.ch\/it\/wp-json\/wp\/v2\/product_brand?post=17744"},{"taxonomy":"product_cat","embeddable":true,"href":"http:\/\/esprit-cafe.ch\/it\/wp-json\/wp\/v2\/product_cat?post=17744"},{"taxonomy":"product_tag","embeddable":true,"href":"http:\/\/esprit-cafe.ch\/it\/wp-json\/wp\/v2\/product_tag?post=17744"}],"curies":[{"name":"wp","href":"https:\/\/api.w.org\/{rel}","templated":true}]}}