{"id":27169,"date":"2025-11-04T08:28:58","date_gmt":"2025-11-04T07:28:58","guid":{"rendered":"https:\/\/esprit-cafe.ch\/?post_type=product&#038;p=27169"},"modified":"2025-11-04T08:38:34","modified_gmt":"2025-11-04T07:38:34","slug":"calendrier-de-lavent-dammann-freres-2025","status":"publish","type":"product","link":"http:\/\/esprit-cafe.ch\/it\/produit\/calendrier-de-lavent-dammann-freres-2025\/","title":{"rendered":"CALENDRIER DE L&#8217;AVENT DAMMANN FRERES 2025"},"content":{"rendered":"<p><span class=\"read-more__text\">Ce calendrier de l&#8217;Avent a \u00e9t\u00e9 imagin\u00e9 en collaboration avec le designer c\u00e9ramiste Arnold d&#8217;Alger, cr\u00e9ateur du Bazar d&#8217;Alger. L&#8217;univers joyeux et solaire d&#8217;Arnold d&#8217;Alger participe grandement \u00e0 la magie de ce calendrier. En couverture, un paysage de montagne enneig\u00e9e blanc pur se d\u00e9tache sur un premier plan de for\u00eat de sapins illumin\u00e9e d&#8217;\u00e9clats d&#8217;or, au centre duquel un h\u00f4tel de r\u00eave \u00e0 la mani\u00e8re des anciens palaces nous invite \u00e0 d\u00e9couvrir un int\u00e9rieur color\u00e9 qui, en reprenant l&#8217;architecture du b\u00e2timent, s&#8217;anime \u00e0 chaque case d&#8217;un personnage fac\u00e9tieux.<\/span><\/p>","protected":false},"excerpt":{"rendered":"<p>Un calendrier dont le d\u00e9cor \u00e9voque un hiver \u00e0 la montagne et qui nous invite \u00e0 profiter de la p\u00e9riode de l&#8217;Avent en savourant des th\u00e9s et des tisanes s\u00e9lec<span class=\"read-more__text\">tionn\u00e9s pour accompagner vos go\u00fbters gourmands. Il rassemble 25 sachets de th\u00e9 Cristal\u00ae pour un assortiment de 24 recettes parfum\u00e9es ou th\u00e9s d&#8217;origine unique, comprenant certains des m\u00e9langes incontournables de No\u00ebl de Dammann Fr\u00e8res, mais aussi de nouvelles cr\u00e9ations, comme le savoureux et fruit\u00e9 th\u00e9 vert No\u00ebl en Laponie.<\/span><\/p>","protected":false},"featured_media":27174,"template":"","meta":{"inline_featured_image":false},"product_brand":[],"product_cat":[136,186],"product_tag":[],"class_list":{"0":"post-27169","1":"product","2":"type-product","3":"status-publish","4":"has-post-thumbnail","6":"product_cat-the","7":"product_cat-thes-infusions","9":"first","10":"instock","11":"taxable","12":"shipping-taxable","13":"purchasable","14":"product-type-simple"},"_links":{"self":[{"href":"http:\/\/esprit-cafe.ch\/it\/wp-json\/wp\/v2\/product\/27169","targetHints":{"allow":["GET"]}}],"collection":[{"href":"http:\/\/esprit-cafe.ch\/it\/wp-json\/wp\/v2\/product"}],"about":[{"href":"http:\/\/esprit-cafe.ch\/it\/wp-json\/wp\/v2\/types\/product"}],"version-history":[{"count":2,"href":"http:\/\/esprit-cafe.ch\/it\/wp-json\/wp\/v2\/product\/27169\/revisions"}],"predecessor-version":[{"id":27176,"href":"http:\/\/esprit-cafe.ch\/it\/wp-json\/wp\/v2\/product\/27169\/revisions\/27176"}],"wp:featuredmedia":[{"embeddable":true,"href":"http:\/\/esprit-cafe.ch\/it\/wp-json\/wp\/v2\/media\/27174"}],"wp:attachment":[{"href":"http:\/\/esprit-cafe.ch\/it\/wp-json\/wp\/v2\/media?parent=27169"}],"wp:term":[{"taxonomy":"product_brand","embeddable":true,"href":"http:\/\/esprit-cafe.ch\/it\/wp-json\/wp\/v2\/product_brand?post=27169"},{"taxonomy":"product_cat","embeddable":true,"href":"http:\/\/esprit-cafe.ch\/it\/wp-json\/wp\/v2\/product_cat?post=27169"},{"taxonomy":"product_tag","embeddable":true,"href":"http:\/\/esprit-cafe.ch\/it\/wp-json\/wp\/v2\/product_tag?post=27169"}],"curies":[{"name":"wp","href":"https:\/\/api.w.org\/{rel}","templated":true}]}}