{"id":6785,"date":"2020-08-10T16:13:53","date_gmt":"2020-08-10T14:13:53","guid":{"rendered":"http:\/\/y73i8axqnd.preview.infomaniak.website\/?post_type=product&#038;p=6785"},"modified":"2026-03-24T14:51:07","modified_gmt":"2026-03-24T13:51:07","slug":"250g-de-classico-en-grains-en-boite","status":"publish","type":"product","link":"http:\/\/esprit-cafe.ch\/it\/produit\/250g-de-classico-en-grains-en-boite\/","title":{"rendered":"250g de CLASSICO en grains en bo\u00eete"},"content":{"rendered":"<p>Durata a scatola aperta: da 7 a 10 giorni<\/p>\n<p>Durata a scatola chiusa: 18 mesi<\/p>\n<h3 class=\"title\">PRESSURIZZAZIONE: UN'ESCLUSIVA ILLY<\/h3>\n<p>A contatto con l'aria, il caff\u00e8 tostato perde fino a 40% del suo aroma in 8 ore. Per cercare di conservarlo, di solito si ricorre al confezionamento sottovuoto, che per\u00f2 \u00e8 inefficace. illy ha utilizzato fin dall'inizio un'altra tecnologia estremamente efficace, brevettata ed esclusiva. Un gas inerte, l'azoto, viene introdotto sotto pressione nelle lattine illy. In questo modo gli aromi vengono intrappolati, fissati e conservati a lungo. Come un buon vino, il caff\u00e8 in lattina illy si affina, sviluppa la sua rotondit\u00e0 e dura pi\u00f9 a lungo. L'azoto non \u00e8 un additivo, ma si dissolve immediatamente all'apertura della lattina.<\/p>","protected":false},"excerpt":{"rendered":"<h4><strong>Aroma<\/strong><\/h4>\n<p class=\"tasting-notes\">Con un perfetto equilibrio tra acidit\u00e0 e amarezza, il gusto classico conferisce alla miscela illy una nota dolce e floreale, completata da sentori di pane tostato, caramello e cioccolato. Per gli amanti del caff\u00e8 morbido e armonioso.<\/p>\n<p><strong>barattolo di caff\u00e8 in grani da 250 g<\/strong><\/p>","protected":false},"featured_media":13370,"template":"","meta":{"inline_featured_image":false},"product_brand":[],"product_cat":[135,140],"product_tag":[],"class_list":{"0":"post-6785","1":"product","2":"type-product","3":"status-publish","4":"has-post-thumbnail","6":"product_cat-cafe","7":"product_cat-cafe-en-grains-et-moulu","9":"first","10":"onbackorder","11":"taxable","12":"shipping-taxable","13":"purchasable","14":"product-type-simple"},"_links":{"self":[{"href":"http:\/\/esprit-cafe.ch\/it\/wp-json\/wp\/v2\/product\/6785","targetHints":{"allow":["GET"]}}],"collection":[{"href":"http:\/\/esprit-cafe.ch\/it\/wp-json\/wp\/v2\/product"}],"about":[{"href":"http:\/\/esprit-cafe.ch\/it\/wp-json\/wp\/v2\/types\/product"}],"version-history":[{"count":3,"href":"http:\/\/esprit-cafe.ch\/it\/wp-json\/wp\/v2\/product\/6785\/revisions"}],"predecessor-version":[{"id":27902,"href":"http:\/\/esprit-cafe.ch\/it\/wp-json\/wp\/v2\/product\/6785\/revisions\/27902"}],"wp:featuredmedia":[{"embeddable":true,"href":"http:\/\/esprit-cafe.ch\/it\/wp-json\/wp\/v2\/media\/13370"}],"wp:attachment":[{"href":"http:\/\/esprit-cafe.ch\/it\/wp-json\/wp\/v2\/media?parent=6785"}],"wp:term":[{"taxonomy":"product_brand","embeddable":true,"href":"http:\/\/esprit-cafe.ch\/it\/wp-json\/wp\/v2\/product_brand?post=6785"},{"taxonomy":"product_cat","embeddable":true,"href":"http:\/\/esprit-cafe.ch\/it\/wp-json\/wp\/v2\/product_cat?post=6785"},{"taxonomy":"product_tag","embeddable":true,"href":"http:\/\/esprit-cafe.ch\/it\/wp-json\/wp\/v2\/product_tag?post=6785"}],"curies":[{"name":"wp","href":"https:\/\/api.w.org\/{rel}","templated":true}]}}