{"id":6791,"date":"2020-08-10T16:17:12","date_gmt":"2020-08-10T14:17:12","guid":{"rendered":"http:\/\/y73i8axqnd.preview.infomaniak.website\/?post_type=product&#038;p=6791"},"modified":"2026-03-30T14:34:51","modified_gmt":"2026-03-30T12:34:51","slug":"250-g-di-caffe-espresso-macinato-in-barattolo","status":"publish","type":"product","link":"http:\/\/esprit-cafe.ch\/it\/produit\/250g-de-espresso-moulu-decafeine-en-boite\/","title":{"rendered":"250 g di caff\u00e8 macinato DECAFEINE in barattolo"},"content":{"rendered":"<p>Durata a scatola aperta: da 7 a 10 giorni<\/p>\n<p>Durata a scatola chiusa: 18 mesi<\/p>\n<h3 class=\"title\">PRESSURIZZAZIONE: UN'ESCLUSIVA ILLY<\/h3>\n<p>A contatto con l'aria, il caff\u00e8 tostato perde fino a 40% del suo aroma in 8 ore. Fin dalla sua nascita, illy ha utilizzato un'altra tecnologia estremamente efficace, brevettata ed esclusiva. Un gas inerte, l'azoto, viene introdotto sotto pressione nelle lattine illy. Gli aromi vengono cos\u00ec intrappolati, fissati e conservati a lungo. Come un vino pregiato, il caff\u00e8 confezionato nelle lattine illy diventa pi\u00f9 raffinato, pi\u00f9 corposo e dura pi\u00f9 a lungo. L'azoto non \u00e8 un additivo: si dissolve immediatamente all'apertura della lattina.<\/p>","protected":false},"excerpt":{"rendered":"<h2 class=\"overlap-title\">Formato decaffeinato<\/h2>\n<p class=\"tasting-notes\">Tutti i sapori e gli aromi della tostatura media, con caffeina non superiore a 0,1%.<\/p>\n<p><strong>barattolo di caff\u00e8 macinato da 250 g<\/strong><\/p>","protected":false},"featured_media":17402,"template":"","meta":{"inline_featured_image":false},"product_brand":[],"product_cat":[135,140],"product_tag":[],"class_list":{"0":"post-6791","1":"product","2":"type-product","3":"status-publish","4":"has-post-thumbnail","6":"product_cat-cafe","7":"product_cat-cafe-en-grains-et-moulu","9":"first","10":"onbackorder","11":"taxable","12":"shipping-taxable","13":"purchasable","14":"product-type-simple"},"_links":{"self":[{"href":"http:\/\/esprit-cafe.ch\/it\/wp-json\/wp\/v2\/product\/6791","targetHints":{"allow":["GET"]}}],"collection":[{"href":"http:\/\/esprit-cafe.ch\/it\/wp-json\/wp\/v2\/product"}],"about":[{"href":"http:\/\/esprit-cafe.ch\/it\/wp-json\/wp\/v2\/types\/product"}],"version-history":[{"count":1,"href":"http:\/\/esprit-cafe.ch\/it\/wp-json\/wp\/v2\/product\/6791\/revisions"}],"predecessor-version":[{"id":23733,"href":"http:\/\/esprit-cafe.ch\/it\/wp-json\/wp\/v2\/product\/6791\/revisions\/23733"}],"wp:featuredmedia":[{"embeddable":true,"href":"http:\/\/esprit-cafe.ch\/it\/wp-json\/wp\/v2\/media\/17402"}],"wp:attachment":[{"href":"http:\/\/esprit-cafe.ch\/it\/wp-json\/wp\/v2\/media?parent=6791"}],"wp:term":[{"taxonomy":"product_brand","embeddable":true,"href":"http:\/\/esprit-cafe.ch\/it\/wp-json\/wp\/v2\/product_brand?post=6791"},{"taxonomy":"product_cat","embeddable":true,"href":"http:\/\/esprit-cafe.ch\/it\/wp-json\/wp\/v2\/product_cat?post=6791"},{"taxonomy":"product_tag","embeddable":true,"href":"http:\/\/esprit-cafe.ch\/it\/wp-json\/wp\/v2\/product_tag?post=6791"}],"curies":[{"name":"wp","href":"https:\/\/api.w.org\/{rel}","templated":true}]}}