{"id":6863,"date":"2020-08-11T11:47:11","date_gmt":"2020-08-11T09:47:11","guid":{"rendered":"http:\/\/y73i8axqnd.preview.infomaniak.website\/?post_type=product&#038;p=6863"},"modified":"2025-02-03T14:29:22","modified_gmt":"2025-02-03T13:29:22","slug":"x2-1-mie-inox-vapore","status":"publish","type":"product","link":"http:\/\/esprit-cafe.ch\/it\/produit\/x2-1-iperespresso-inox-steam-no-steam\/","title":{"rendered":"X2 IPERESPRESSO INOX VAPORE \/ SENZA VAPORE"},"content":{"rendered":"<p>CARATTERISTICHE TECNICHE<\/p>\n<ul>\n<li>Dimensioni: 46 x 39 x 36 cm<\/li>\n<li>Struttura esterna: acciaio inox<\/li>\n<li>Tensione: 230V, 50Hz<\/li>\n<li>Capacit\u00e0 del serbatoio: 5 litri<\/li>\n<li>Peso: 25 kg<\/li>\n<li>Potenza: 3.000 watt<\/li>\n<li><strong>Presa di corrente: Tipo 23 \/ 16A<\/strong><\/li>\n<li>Capacit\u00e0 della vaschetta di raccolta: 1 litro<\/li>\n<li>3 caldaie in rame indipendenti<\/li>\n<li>3 pompe con pressione nominale di 15 bar<\/li>\n<li>Controllo elettronico della temperatura<\/li>\n<li>Possibilit\u00e0 di definire 4 programmi di preparazione<\/li>\n<li>Macchina garantita 2 anni per parti e manodopera<\/li>\n<\/ul>","protected":false},"excerpt":{"rendered":"<h3><strong>Questa macchina \u00e8 disponibile solo su ordinazione.<\/strong><\/h3>\n<p>Macchina per capsule IPERESPRESSO.<\/p>\n<p>Una macchina professionale, di facile manutenzione e che richiede uno spazio ridotto. Creato dal designer italiano Luca Trazzi, unisce funzionalit\u00e0, bellezza e modernit\u00e0. Richiede una manutenzione minima e offre a ogni utente un caff\u00e8 eccezionale, come se fosse stato preparato da un barista professionista.<\/p>\n<p><strong>IMPORTANTE:<\/strong>\u00a0Per la funzione vapore, questa macchina ha bisogno di un\u00a0<strong>collegamento elettrico speciale, tipo 23 \/ 16A<\/strong>. Contattare il proprio elettricista per aumentare la capacit\u00e0 dell'allacciamento.<\/p>\n<p>Il modello X2<strong>\u00a0niente vapore<\/strong>\u00a0ha una connessione normale,\u00a0<strong>senza funzione vapore<\/strong>.<\/p>\n<p><strong>Ogni macchina viene fornita con un set di degustazione di capsule illy.<\/strong><\/p>","protected":false},"featured_media":17544,"template":"","meta":{"inline_featured_image":false},"product_brand":[],"product_cat":[137,143,152],"product_tag":[],"class_list":{"0":"post-6863","1":"product","2":"type-product","3":"status-publish","4":"has-post-thumbnail","6":"product_cat-machine-a-cafe","7":"product_cat-machines-a-cafe-pour-capsules-mie","8":"product_cat-x2-1-mie","10":"first","11":"instock","12":"taxable","13":"shipping-taxable","14":"purchasable","15":"product-type-simple"},"_links":{"self":[{"href":"http:\/\/esprit-cafe.ch\/it\/wp-json\/wp\/v2\/product\/6863","targetHints":{"allow":["GET"]}}],"collection":[{"href":"http:\/\/esprit-cafe.ch\/it\/wp-json\/wp\/v2\/product"}],"about":[{"href":"http:\/\/esprit-cafe.ch\/it\/wp-json\/wp\/v2\/types\/product"}],"version-history":[{"count":0,"href":"http:\/\/esprit-cafe.ch\/it\/wp-json\/wp\/v2\/product\/6863\/revisions"}],"wp:featuredmedia":[{"embeddable":true,"href":"http:\/\/esprit-cafe.ch\/it\/wp-json\/wp\/v2\/media\/17544"}],"wp:attachment":[{"href":"http:\/\/esprit-cafe.ch\/it\/wp-json\/wp\/v2\/media?parent=6863"}],"wp:term":[{"taxonomy":"product_brand","embeddable":true,"href":"http:\/\/esprit-cafe.ch\/it\/wp-json\/wp\/v2\/product_brand?post=6863"},{"taxonomy":"product_cat","embeddable":true,"href":"http:\/\/esprit-cafe.ch\/it\/wp-json\/wp\/v2\/product_cat?post=6863"},{"taxonomy":"product_tag","embeddable":true,"href":"http:\/\/esprit-cafe.ch\/it\/wp-json\/wp\/v2\/product_tag?post=6863"}],"curies":[{"name":"wp","href":"https:\/\/api.w.org\/{rel}","templated":true}]}}