{"id":6875,"date":"2020-08-11T12:03:26","date_gmt":"2020-08-11T10:03:26","guid":{"rendered":"http:\/\/y73i8axqnd.preview.infomaniak.website\/?post_type=product&#038;p=6875"},"modified":"2025-05-25T20:06:40","modified_gmt":"2025-05-25T18:06:40","slug":"y3-2-crumb-ec-nero","status":"publish","type":"product","link":"http:\/\/esprit-cafe.ch\/it\/produit\/y3-2-mie-ec-noir\/","title":{"rendered":"Y3.3 IPERESPRESSO NERO ESPRESSO E CAFF\u00c8"},"content":{"rendered":"<div class=\"product-specifications\">\n<div class=\"specification-wrapper\">\n<div class=\"product-specifications__internal-wrapper\">\n<div class=\"row\">\n<div class=\"columns medium-6 small-12 product-specifications__item js-product-specification-item\">\n<p style=\"text-align: left\"><strong>Dettagli del prodotto<br \/>\n<\/strong><\/p>\n<ul>\n<li><span class=\"product-specifications__item-text\">Poggia tazza rimovibile<\/span><\/li>\n<li><span class=\"product-specifications__item-text\">Risparmio energetico<\/span><\/li>\n<li><span class=\"product-specifications__item-text\">Controllo automatico del volume<\/span><\/li>\n<li><span class=\"product-specifications__item-text\">Decalcificazione semiautomatica<\/span><\/li>\n<li><span class=\"product-specifications__item-text\">Volume programmabile in tazze<\/span><\/li>\n<\/ul>\n<p style=\"text-align: left\"><strong>Specifiche tecniche<\/strong><\/p>\n<\/div>\n<\/div>\n<\/div>\n<\/div>\n<\/div>\n<div class=\"product-attributes\">\n<div class=\"row\">\n<div class=\"columns small-12\">\n<div class=\"product-attributes__internal-wrapper\">\n<div class=\"product-attributes__item\">\n<div class=\"row\">\n<div class=\"columns small-6\">\n<ul>\n<li>Preparazioni: Iperespresso<\/li>\n<li>Formato: capsule Iperespresso<\/li>\n<li>Lunghezza del cavo di alimentazione: 1 m<\/li>\n<li>Capacit\u00e0 del serbatoio dell'acqua: 0,75 L<\/li>\n<li>Dimensioni: (cm) 10 x 29,8 x 25,4<\/li>\n<li>Controllo del volume: S\u00ec<\/li>\n<li>Scaldatazze: No<\/li>\n<li>Portabicchieri regolabile: S\u00ec<\/li>\n<li>Garanzia: 2 anni<\/li>\n<li>Tensione: 230 v<\/li>\n<li>Vassoio di raccolta : S\u00ec<\/li>\n<li>Carrozzeria: plastica<\/li>\n<li>Risparmio energetico: S\u00ec<\/li>\n<li>Caratteristiche: Preparazione multipla<\/li>\n<\/ul>\n<\/div>\n<\/div>\n<\/div>\n<\/div>\n<\/div>\n<\/div>\n<\/div>","protected":false},"excerpt":{"rendered":"<p><strong>NUOVO Y3.3 IPERESPRESSO<\/strong><br \/>\nLa macchina per caff\u00e8 espresso Y3.3 \u00e8 stata ridisegnata dall'architetto Piero Lissoni e il risultato \u00e8 il massimo della semplicit\u00e0, con un design che unisce ergonomia e linee pulite.<br \/>\n<strong>SI FA SPAZIO TRA TUTTI GLI OGGETTI PREFERITI.<\/strong><br \/>\nLa nuova macchina da caff\u00e8 Y3.3 iperespresso far\u00e0 la gioia di chi vuole combinare la qualit\u00e0 unica di un espresso illy con un oggetto dal design compatto.<br \/>\n<strong>FUNZIONALE E FACILE DA USARE<\/strong><br \/>\nGrazie alle capsule Iperespresso, \u00e8 facile preparare un delizioso espresso illy, con aromi intensi e una crema liscia e duratura.<\/p>","protected":false},"featured_media":16080,"template":"","meta":{"inline_featured_image":false},"product_brand":[],"product_cat":[137,143,153],"product_tag":[],"class_list":{"0":"post-6875","1":"product","2":"type-product","3":"status-publish","4":"has-post-thumbnail","6":"product_cat-machine-a-cafe","7":"product_cat-machines-a-cafe-pour-capsules-mie","8":"product_cat-y3-mie","10":"first","11":"outofstock","12":"taxable","13":"shipping-taxable","14":"purchasable","15":"product-type-simple"},"_links":{"self":[{"href":"http:\/\/esprit-cafe.ch\/it\/wp-json\/wp\/v2\/product\/6875","targetHints":{"allow":["GET"]}}],"collection":[{"href":"http:\/\/esprit-cafe.ch\/it\/wp-json\/wp\/v2\/product"}],"about":[{"href":"http:\/\/esprit-cafe.ch\/it\/wp-json\/wp\/v2\/types\/product"}],"version-history":[{"count":1,"href":"http:\/\/esprit-cafe.ch\/it\/wp-json\/wp\/v2\/product\/6875\/revisions"}],"predecessor-version":[{"id":22380,"href":"http:\/\/esprit-cafe.ch\/it\/wp-json\/wp\/v2\/product\/6875\/revisions\/22380"}],"wp:featuredmedia":[{"embeddable":true,"href":"http:\/\/esprit-cafe.ch\/it\/wp-json\/wp\/v2\/media\/16080"}],"wp:attachment":[{"href":"http:\/\/esprit-cafe.ch\/it\/wp-json\/wp\/v2\/media?parent=6875"}],"wp:term":[{"taxonomy":"product_brand","embeddable":true,"href":"http:\/\/esprit-cafe.ch\/it\/wp-json\/wp\/v2\/product_brand?post=6875"},{"taxonomy":"product_cat","embeddable":true,"href":"http:\/\/esprit-cafe.ch\/it\/wp-json\/wp\/v2\/product_cat?post=6875"},{"taxonomy":"product_tag","embeddable":true,"href":"http:\/\/esprit-cafe.ch\/it\/wp-json\/wp\/v2\/product_tag?post=6875"}],"curies":[{"name":"wp","href":"https:\/\/api.w.org\/{rel}","templated":true}]}}