{"id":6967,"date":"2020-08-12T10:14:36","date_gmt":"2020-08-12T08:14:36","guid":{"rendered":"http:\/\/y73i8axqnd.preview.infomaniak.website\/?post_type=product&#038;p=6967"},"modified":"2026-04-07T09:06:52","modified_gmt":"2026-04-07T07:06:52","slug":"100-capsule-iperespresso-selezione-arabica-etiopia-incartate-singolarmente","status":"publish","type":"product","link":"http:\/\/esprit-cafe.ch\/it\/produit\/100-capsules-iperespresso-arabica-selection-etiopia-en-emballage-individuel\/","title":{"rendered":"100 capsule IPERESPRESSO Selezione Arabica Etiopia in confezione singola"},"content":{"rendered":"<p>Durata della confezione singola: da 4 a 6 giorni<\/p>\n<p>Durata della confezione singola: 12 mesi<\/p>","protected":false},"excerpt":{"rendered":"<h2 class=\"overlap-title\">Gusto delicato<\/h2>\n<p class=\"tasting-notes\">\u00c8 come se il caff\u00e8 fosse nato in Etiopia: l\u00ec cresce naturalmente un caff\u00e8 Arabica, con un aroma delicato di note floreali di gelsomino, che noi esaltiamo con un nuovo metodo di tostatura.<\/p>\n<p class=\"tasting-notes\"><strong>Confezione da 100 capsule di caff\u00e8 Iperespresso Ethiopia.<\/strong><\/p>","protected":false},"featured_media":16948,"template":"","meta":{"inline_featured_image":false},"product_brand":[],"product_cat":[135,139,183,179],"product_tag":[],"class_list":{"0":"post-6967","1":"product","2":"type-product","3":"status-publish","4":"has-post-thumbnail","6":"product_cat-cafe","7":"product_cat-cafe-en-capsules","8":"product_cat-capsules-mie","9":"product_cat-capsules-mie-amici-arabica-selection","11":"first","12":"instock","13":"sale","14":"taxable","15":"shipping-taxable","16":"purchasable","17":"product-type-woosb"},"_links":{"self":[{"href":"http:\/\/esprit-cafe.ch\/it\/wp-json\/wp\/v2\/product\/6967","targetHints":{"allow":["GET"]}}],"collection":[{"href":"http:\/\/esprit-cafe.ch\/it\/wp-json\/wp\/v2\/product"}],"about":[{"href":"http:\/\/esprit-cafe.ch\/it\/wp-json\/wp\/v2\/types\/product"}],"version-history":[{"count":1,"href":"http:\/\/esprit-cafe.ch\/it\/wp-json\/wp\/v2\/product\/6967\/revisions"}],"predecessor-version":[{"id":22458,"href":"http:\/\/esprit-cafe.ch\/it\/wp-json\/wp\/v2\/product\/6967\/revisions\/22458"}],"wp:featuredmedia":[{"embeddable":true,"href":"http:\/\/esprit-cafe.ch\/it\/wp-json\/wp\/v2\/media\/16948"}],"wp:attachment":[{"href":"http:\/\/esprit-cafe.ch\/it\/wp-json\/wp\/v2\/media?parent=6967"}],"wp:term":[{"taxonomy":"product_brand","embeddable":true,"href":"http:\/\/esprit-cafe.ch\/it\/wp-json\/wp\/v2\/product_brand?post=6967"},{"taxonomy":"product_cat","embeddable":true,"href":"http:\/\/esprit-cafe.ch\/it\/wp-json\/wp\/v2\/product_cat?post=6967"},{"taxonomy":"product_tag","embeddable":true,"href":"http:\/\/esprit-cafe.ch\/it\/wp-json\/wp\/v2\/product_tag?post=6967"}],"curies":[{"name":"wp","href":"https:\/\/api.w.org\/{rel}","templated":true}]}}