{"id":7200,"date":"2020-08-13T17:45:09","date_gmt":"2020-08-13T15:45:09","guid":{"rendered":"http:\/\/y73i8axqnd.preview.infomaniak.website\/?post_type=product&#038;p=7200"},"modified":"2026-03-10T14:36:15","modified_gmt":"2026-03-10T13:36:15","slug":"ceylon-o-p-24-bustine-cristallo-suremballes","status":"publish","type":"product","link":"http:\/\/esprit-cafe.ch\/it\/produit\/ceylan-o-p-24-sachets-cristal-suremballes\/","title":{"rendered":"CEYLON O.P., 24 SACCHETTI CRYSTAL \u00ae"},"content":{"rendered":"<h3>Suggerimenti per la preparazione<\/h3>\n<p>INFUSIONE: 3\/5 minuti<br \/>\nTEMPERATURA: 90\u00b0C<\/p>","protected":false},"excerpt":{"rendered":"<p>Una bella foglia regolare che d\u00e0 un infuso sottilmente profumato. Un t\u00e8 ideale per un t\u00e8 pomeridiano.<\/p>\n<p>Nota dominante : Natura<br \/>\nTipo(i) di infuso(i) : T\u00e8 nero<\/p>","protected":false},"featured_media":12974,"template":"","meta":{"inline_featured_image":false},"product_brand":[],"product_cat":[136,171],"product_tag":[],"class_list":{"0":"post-7200","1":"product","2":"type-product","3":"status-publish","4":"has-post-thumbnail","6":"product_cat-the","7":"product_cat-the-noir","9":"first","10":"onbackorder","11":"taxable","12":"shipping-taxable","13":"purchasable","14":"product-type-simple"},"_links":{"self":[{"href":"http:\/\/esprit-cafe.ch\/it\/wp-json\/wp\/v2\/product\/7200","targetHints":{"allow":["GET"]}}],"collection":[{"href":"http:\/\/esprit-cafe.ch\/it\/wp-json\/wp\/v2\/product"}],"about":[{"href":"http:\/\/esprit-cafe.ch\/it\/wp-json\/wp\/v2\/types\/product"}],"version-history":[{"count":1,"href":"http:\/\/esprit-cafe.ch\/it\/wp-json\/wp\/v2\/product\/7200\/revisions"}],"predecessor-version":[{"id":23048,"href":"http:\/\/esprit-cafe.ch\/it\/wp-json\/wp\/v2\/product\/7200\/revisions\/23048"}],"wp:featuredmedia":[{"embeddable":true,"href":"http:\/\/esprit-cafe.ch\/it\/wp-json\/wp\/v2\/media\/12974"}],"wp:attachment":[{"href":"http:\/\/esprit-cafe.ch\/it\/wp-json\/wp\/v2\/media?parent=7200"}],"wp:term":[{"taxonomy":"product_brand","embeddable":true,"href":"http:\/\/esprit-cafe.ch\/it\/wp-json\/wp\/v2\/product_brand?post=7200"},{"taxonomy":"product_cat","embeddable":true,"href":"http:\/\/esprit-cafe.ch\/it\/wp-json\/wp\/v2\/product_cat?post=7200"},{"taxonomy":"product_tag","embeddable":true,"href":"http:\/\/esprit-cafe.ch\/it\/wp-json\/wp\/v2\/product_tag?post=7200"}],"curies":[{"name":"wp","href":"https:\/\/api.w.org\/{rel}","templated":true}]}}