{"id":7215,"date":"2020-08-13T21:25:52","date_gmt":"2020-08-13T19:25:52","guid":{"rendered":"http:\/\/y73i8axqnd.preview.infomaniak.website\/?post_type=product&#038;p=7215"},"modified":"2026-03-10T14:36:15","modified_gmt":"2026-03-10T13:36:15","slug":"earl-grey-yin-zhen-24-bustine-di-cristallo","status":"publish","type":"product","link":"http:\/\/esprit-cafe.ch\/it\/produit\/earl-grey-yin-zhen-24-sachets-cristal-suremballes\/","title":{"rendered":"EARL GREY YIN ZHEN, 24 BUSTINE DI CRISTALLO\u00ae INCARTATE"},"content":{"rendered":"<h3>Suggerimenti per la preparazione<\/h3>\n<p>INFUSIONE: 4\/5 minuti<br \/>\nTEMPERATURA: 90\u00b0C<\/p>","protected":false},"excerpt":{"rendered":"<p>Una selezione di pregiati t\u00e8 neri arricchiti con punte bianche, petali di fiori e aromatizzati con bergamotto calabrese. L'equilibrio ideale di questo Earl Grey superiore soddisfer\u00e0 anche gli intenditori pi\u00f9 esigenti.Ricarica per scatola Dammann Fr\u00e8res contenente 24 bustine di t\u00e8 Cristal confezionate singolarmente. La consistenza simile alla seta garantisce un'infusione identica a quella dei t\u00e8 sfusi di pari qualit\u00e0.Tempo di infusione consigliato: 4\/5 minuti.Peso netto: 48g<\/p>\n<p>Nota dominante : Agrumi<br \/>\nTipo(i) di infuso(i) : T\u00e8 nero<br \/>\nSapore principale: Bergamotto<\/p>","protected":false},"featured_media":12950,"template":"","meta":{"inline_featured_image":false},"product_brand":[],"product_cat":[136,171],"product_tag":[],"class_list":{"0":"post-7215","1":"product","2":"type-product","3":"status-publish","4":"has-post-thumbnail","6":"product_cat-the","7":"product_cat-the-noir","9":"first","10":"onbackorder","11":"taxable","12":"shipping-taxable","13":"purchasable","14":"product-type-simple"},"_links":{"self":[{"href":"http:\/\/esprit-cafe.ch\/it\/wp-json\/wp\/v2\/product\/7215","targetHints":{"allow":["GET"]}}],"collection":[{"href":"http:\/\/esprit-cafe.ch\/it\/wp-json\/wp\/v2\/product"}],"about":[{"href":"http:\/\/esprit-cafe.ch\/it\/wp-json\/wp\/v2\/types\/product"}],"version-history":[{"count":1,"href":"http:\/\/esprit-cafe.ch\/it\/wp-json\/wp\/v2\/product\/7215\/revisions"}],"predecessor-version":[{"id":22341,"href":"http:\/\/esprit-cafe.ch\/it\/wp-json\/wp\/v2\/product\/7215\/revisions\/22341"}],"wp:featuredmedia":[{"embeddable":true,"href":"http:\/\/esprit-cafe.ch\/it\/wp-json\/wp\/v2\/media\/12950"}],"wp:attachment":[{"href":"http:\/\/esprit-cafe.ch\/it\/wp-json\/wp\/v2\/media?parent=7215"}],"wp:term":[{"taxonomy":"product_brand","embeddable":true,"href":"http:\/\/esprit-cafe.ch\/it\/wp-json\/wp\/v2\/product_brand?post=7215"},{"taxonomy":"product_cat","embeddable":true,"href":"http:\/\/esprit-cafe.ch\/it\/wp-json\/wp\/v2\/product_cat?post=7215"},{"taxonomy":"product_tag","embeddable":true,"href":"http:\/\/esprit-cafe.ch\/it\/wp-json\/wp\/v2\/product_tag?post=7215"}],"curies":[{"name":"wp","href":"https:\/\/api.w.org\/{rel}","templated":true}]}}