{"id":7220,"date":"2020-08-13T21:29:59","date_gmt":"2020-08-13T19:29:59","guid":{"rendered":"http:\/\/y73i8axqnd.preview.infomaniak.website\/?post_type=product&#038;p=7220"},"modified":"2025-04-17T15:41:59","modified_gmt":"2025-04-17T13:41:59","slug":"gout-russe-douchka-24-bustine-cristallo-suremballes","status":"publish","type":"product","link":"http:\/\/esprit-cafe.ch\/it\/produit\/gout-russe-douchka-24-sachets-cristal-suremballes\/","title":{"rendered":"IL NERO - DOUCHKA AL GUSTO RUSSO, 24 BUSTINE DI CRISTALLO"},"content":{"rendered":"<h3>Suggerimenti per la preparazione<\/h3>\n<p>INFUSIONE: 4\/5 minuti<br \/>\nTEMPERATURA: 90\u00b0C<\/p>","protected":false},"excerpt":{"rendered":"<p>Inventato da Dammann Fr\u00e8res negli anni '50, il successo di questo t\u00e8 nero aromatizzato con oli essenziali di agrumi non \u00e8 mai venuto meno. Conservata gelosamente come segreto di famiglia, la sua ricetta ci delizier\u00e0 per molti anni a venire.<\/p>\n<p>Confezione da 24 bustine di Cristal\u00ae. Peso netto: 48 g<\/p>\n<p>Nota dominante : Agrumi<br \/>\nTipo(i) di infuso(i) : T\u00e8 nero<br \/>\nSapore principale: Bergamotto<br \/>\nGusto(i) complementare(i) : Limone, Arancia<\/p>","protected":false},"featured_media":12968,"template":"","meta":{"inline_featured_image":false},"product_brand":[],"product_cat":[136,171],"product_tag":[],"class_list":{"0":"post-7220","1":"product","2":"type-product","3":"status-publish","4":"has-post-thumbnail","6":"product_cat-the","7":"product_cat-the-noir","9":"first","10":"onbackorder","11":"taxable","12":"shipping-taxable","13":"purchasable","14":"product-type-simple"},"_links":{"self":[{"href":"http:\/\/esprit-cafe.ch\/it\/wp-json\/wp\/v2\/product\/7220","targetHints":{"allow":["GET"]}}],"collection":[{"href":"http:\/\/esprit-cafe.ch\/it\/wp-json\/wp\/v2\/product"}],"about":[{"href":"http:\/\/esprit-cafe.ch\/it\/wp-json\/wp\/v2\/types\/product"}],"version-history":[{"count":1,"href":"http:\/\/esprit-cafe.ch\/it\/wp-json\/wp\/v2\/product\/7220\/revisions"}],"predecessor-version":[{"id":23045,"href":"http:\/\/esprit-cafe.ch\/it\/wp-json\/wp\/v2\/product\/7220\/revisions\/23045"}],"wp:featuredmedia":[{"embeddable":true,"href":"http:\/\/esprit-cafe.ch\/it\/wp-json\/wp\/v2\/media\/12968"}],"wp:attachment":[{"href":"http:\/\/esprit-cafe.ch\/it\/wp-json\/wp\/v2\/media?parent=7220"}],"wp:term":[{"taxonomy":"product_brand","embeddable":true,"href":"http:\/\/esprit-cafe.ch\/it\/wp-json\/wp\/v2\/product_brand?post=7220"},{"taxonomy":"product_cat","embeddable":true,"href":"http:\/\/esprit-cafe.ch\/it\/wp-json\/wp\/v2\/product_cat?post=7220"},{"taxonomy":"product_tag","embeddable":true,"href":"http:\/\/esprit-cafe.ch\/it\/wp-json\/wp\/v2\/product_tag?post=7220"}],"curies":[{"name":"wp","href":"https:\/\/api.w.org\/{rel}","templated":true}]}}