{"id":7235,"date":"2020-08-13T21:36:50","date_gmt":"2020-08-13T19:36:50","guid":{"rendered":"http:\/\/y73i8axqnd.preview.infomaniak.website\/?post_type=product&#038;p=7235"},"modified":"2026-03-10T15:32:05","modified_gmt":"2026-03-10T14:32:05","slug":"blue-garden-24-bustine-cristallo-suremballes","status":"publish","type":"product","link":"http:\/\/esprit-cafe.ch\/it\/produit\/jardin-bleu-24-sachets-cristal-suremballes\/","title":{"rendered":"IL GIARDINO NERO - BLU, 24 SACCHETTI DI CRISTALLO"},"content":{"rendered":"<h3>Suggerimenti per la preparazione<\/h3>\n<p>INFUSIONE: 4\/5 minuti<br \/>\nTEMPERATURA: 90\u00b0C<br \/>\nCONSIGLIATO: come t\u00e8 freddo<\/p>","protected":false},"excerpt":{"rendered":"<p>Miscela di t\u00e8 neri aromatizzati con i deliziosi aromi di rabarbaro, fragola e fragolina di bosco. Questo t\u00e8 emblematico si presta meravigliosamente alla preparazione calda o ghiacciata. Confezione da 24 bustine di t\u00e8 Cristal\u00ae incartate. Peso netto: 48 g<\/p>\n<p>Nota dominante : Frutta di frutteto<br \/>\nNota(e) secondaria(e) : Frutti rossi<br \/>\nTipo(i) di infuso(i) : T\u00e8 nero<br \/>\nSapore principale : Rabarbaro<br \/>\nGusto(i) complementare(i) : Fragola<\/p>","protected":false},"featured_media":12956,"template":"","meta":{"inline_featured_image":false},"product_brand":[],"product_cat":[136,171],"product_tag":[],"class_list":{"0":"post-7235","1":"product","2":"type-product","3":"status-publish","4":"has-post-thumbnail","6":"product_cat-the","7":"product_cat-the-noir","9":"first","10":"onbackorder","11":"taxable","12":"shipping-taxable","13":"purchasable","14":"product-type-simple"},"_links":{"self":[{"href":"http:\/\/esprit-cafe.ch\/it\/wp-json\/wp\/v2\/product\/7235","targetHints":{"allow":["GET"]}}],"collection":[{"href":"http:\/\/esprit-cafe.ch\/it\/wp-json\/wp\/v2\/product"}],"about":[{"href":"http:\/\/esprit-cafe.ch\/it\/wp-json\/wp\/v2\/types\/product"}],"version-history":[{"count":1,"href":"http:\/\/esprit-cafe.ch\/it\/wp-json\/wp\/v2\/product\/7235\/revisions"}],"predecessor-version":[{"id":22342,"href":"http:\/\/esprit-cafe.ch\/it\/wp-json\/wp\/v2\/product\/7235\/revisions\/22342"}],"wp:featuredmedia":[{"embeddable":true,"href":"http:\/\/esprit-cafe.ch\/it\/wp-json\/wp\/v2\/media\/12956"}],"wp:attachment":[{"href":"http:\/\/esprit-cafe.ch\/it\/wp-json\/wp\/v2\/media?parent=7235"}],"wp:term":[{"taxonomy":"product_brand","embeddable":true,"href":"http:\/\/esprit-cafe.ch\/it\/wp-json\/wp\/v2\/product_brand?post=7235"},{"taxonomy":"product_cat","embeddable":true,"href":"http:\/\/esprit-cafe.ch\/it\/wp-json\/wp\/v2\/product_cat?post=7235"},{"taxonomy":"product_tag","embeddable":true,"href":"http:\/\/esprit-cafe.ch\/it\/wp-json\/wp\/v2\/product_tag?post=7235"}],"curies":[{"name":"wp","href":"https:\/\/api.w.org\/{rel}","templated":true}]}}