{"id":7240,"date":"2020-08-13T21:38:31","date_gmt":"2020-08-13T19:38:31","guid":{"rendered":"http:\/\/y73i8axqnd.preview.infomaniak.website\/?post_type=product&#038;p=7240"},"modified":"2026-03-03T10:26:16","modified_gmt":"2026-03-03T09:26:16","slug":"papavero-gourmand-24-bustine-cristallo-suremballes","status":"publish","type":"product","link":"http:\/\/esprit-cafe.ch\/it\/produit\/coquelicot-gourmand-24-sachets-cristal-suremballes\/","title":{"rendered":"PAPAVERO GOURMET, 24 BUSTINE DI CRISTALLO\u00ae INCARTATE"},"content":{"rendered":"<h3>Suggerimenti per la preparazione<\/h3>\n<p>INFUSIONE: 4\/5 minuti<br \/>\nTEMPERATURA: 90\u00b0C<br \/>\nCONSIGLIATO: come t\u00e8 freddo<\/p>","protected":false},"excerpt":{"rendered":"<p>T\u00e8 nero al gusto di petali di fiori, papavero, biscotto e marzapane. Dalle caramelle di zucchero al forno alle torte delle nostre nonne, \u00e8 difficile scegliere tra questi sapori. In ogni caso, questo t\u00e8 \u00e8 una delizia!<\/p>\n<p>Cristalli incartati singolarmente. Peso netto: 48 g<\/p>\n<p>Nota dominante : Note gourmandes<br \/>\nTipo(i) di infuso(i) : T\u00e8 nero<br \/>\nSapore principale : Lampone<br \/>\nGusto(i) complementare(i) : Ciliegia, Viola, Vaniglia, Mandorla, Biscotto<\/p>","protected":false},"featured_media":12944,"template":"","meta":{"inline_featured_image":false},"product_brand":[],"product_cat":[136,171],"product_tag":[],"class_list":{"0":"post-7240","1":"product","2":"type-product","3":"status-publish","4":"has-post-thumbnail","6":"product_cat-the","7":"product_cat-the-noir","9":"first","10":"onbackorder","11":"taxable","12":"shipping-taxable","13":"purchasable","14":"product-type-simple"},"_links":{"self":[{"href":"http:\/\/esprit-cafe.ch\/it\/wp-json\/wp\/v2\/product\/7240","targetHints":{"allow":["GET"]}}],"collection":[{"href":"http:\/\/esprit-cafe.ch\/it\/wp-json\/wp\/v2\/product"}],"about":[{"href":"http:\/\/esprit-cafe.ch\/it\/wp-json\/wp\/v2\/types\/product"}],"version-history":[{"count":1,"href":"http:\/\/esprit-cafe.ch\/it\/wp-json\/wp\/v2\/product\/7240\/revisions"}],"predecessor-version":[{"id":23043,"href":"http:\/\/esprit-cafe.ch\/it\/wp-json\/wp\/v2\/product\/7240\/revisions\/23043"}],"wp:featuredmedia":[{"embeddable":true,"href":"http:\/\/esprit-cafe.ch\/it\/wp-json\/wp\/v2\/media\/12944"}],"wp:attachment":[{"href":"http:\/\/esprit-cafe.ch\/it\/wp-json\/wp\/v2\/media?parent=7240"}],"wp:term":[{"taxonomy":"product_brand","embeddable":true,"href":"http:\/\/esprit-cafe.ch\/it\/wp-json\/wp\/v2\/product_brand?post=7240"},{"taxonomy":"product_cat","embeddable":true,"href":"http:\/\/esprit-cafe.ch\/it\/wp-json\/wp\/v2\/product_cat?post=7240"},{"taxonomy":"product_tag","embeddable":true,"href":"http:\/\/esprit-cafe.ch\/it\/wp-json\/wp\/v2\/product_tag?post=7240"}],"curies":[{"name":"wp","href":"https:\/\/api.w.org\/{rel}","templated":true}]}}