{"id":7250,"date":"2020-08-13T21:45:01","date_gmt":"2020-08-13T19:45:01","guid":{"rendered":"http:\/\/y73i8axqnd.preview.infomaniak.website\/?post_type=product&#038;p=7250"},"modified":"2025-08-14T16:32:20","modified_gmt":"2025-08-14T14:32:20","slug":"il-verde-della-cina-la-polvere-di-pistola-24-bustine-cristallo-salvadanaio","status":"publish","type":"product","link":"http:\/\/esprit-cafe.ch\/it\/produit\/the-vert-de-chine-gunpowder-24-sachets-cristal-suremballes\/","title":{"rendered":"T\u00c8 VERDE GUNPOWDER DALLA CINA, 24 BUSTINE DI CRISTALLO"},"content":{"rendered":"<h3>Suggerimenti per la preparazione<\/h3>\n<p>INFUSIONE: 3\/4 mn<br \/>\nTEMPERATURA: 80\u00b0C<\/p>","protected":false},"excerpt":{"rendered":"<div class=\"description\">\n<p>Polvere da sparo per gli occidentali o \"perla di t\u00e8\" per i cinesi, questo t\u00e8 vivace e astringente \u00e8 una tazza fresca e dissetante. Tradizionalmente, \u00e8 il t\u00e8 pi\u00f9 usato per preparare il famoso t\u00e8 alla menta.<br \/>\nConfezione da 24 bustine di Cristal\u00ae. Peso netto: 48 g<\/p>\n<\/div>\n<div id=\"features\">\n<ul>\n<li>Nota dominante : Natura<\/li>\n<li>Tipo(i) di infuso(i) : T\u00e8 verde<\/li>\n<li>Allergeni: Il prodotto pu\u00f2 contenere tracce accidentali di noci e arachidi.<\/li>\n<\/ul>\n<\/div>","protected":false},"featured_media":13097,"template":"","meta":{"inline_featured_image":false},"product_brand":[],"product_cat":[136,172],"product_tag":[],"class_list":{"0":"post-7250","1":"product","2":"type-product","3":"status-publish","4":"has-post-thumbnail","6":"product_cat-the","7":"product_cat-the-vert","9":"first","10":"onbackorder","11":"taxable","12":"shipping-taxable","13":"purchasable","14":"product-type-simple"},"_links":{"self":[{"href":"http:\/\/esprit-cafe.ch\/it\/wp-json\/wp\/v2\/product\/7250","targetHints":{"allow":["GET"]}}],"collection":[{"href":"http:\/\/esprit-cafe.ch\/it\/wp-json\/wp\/v2\/product"}],"about":[{"href":"http:\/\/esprit-cafe.ch\/it\/wp-json\/wp\/v2\/types\/product"}],"version-history":[{"count":1,"href":"http:\/\/esprit-cafe.ch\/it\/wp-json\/wp\/v2\/product\/7250\/revisions"}],"predecessor-version":[{"id":23041,"href":"http:\/\/esprit-cafe.ch\/it\/wp-json\/wp\/v2\/product\/7250\/revisions\/23041"}],"wp:featuredmedia":[{"embeddable":true,"href":"http:\/\/esprit-cafe.ch\/it\/wp-json\/wp\/v2\/media\/13097"}],"wp:attachment":[{"href":"http:\/\/esprit-cafe.ch\/it\/wp-json\/wp\/v2\/media?parent=7250"}],"wp:term":[{"taxonomy":"product_brand","embeddable":true,"href":"http:\/\/esprit-cafe.ch\/it\/wp-json\/wp\/v2\/product_brand?post=7250"},{"taxonomy":"product_cat","embeddable":true,"href":"http:\/\/esprit-cafe.ch\/it\/wp-json\/wp\/v2\/product_cat?post=7250"},{"taxonomy":"product_tag","embeddable":true,"href":"http:\/\/esprit-cafe.ch\/it\/wp-json\/wp\/v2\/product_tag?post=7250"}],"curies":[{"name":"wp","href":"https:\/\/api.w.org\/{rel}","templated":true}]}}