{"id":7270,"date":"2020-08-13T21:55:28","date_gmt":"2020-08-13T19:55:28","guid":{"rendered":"http:\/\/y73i8axqnd.preview.infomaniak.website\/?post_type=product&#038;p=7270"},"modified":"2026-03-30T14:34:51","modified_gmt":"2026-03-30T12:34:51","slug":"gelsomino-24-bustine-cristallo-sicuremballes","status":"publish","type":"product","link":"http:\/\/esprit-cafe.ch\/it\/produit\/jasmin-24-sachets-cristal-suremballes\/","title":{"rendered":"GELSOMINO, 24 BUSTINE DI CRISTALLO\u00ae, INCARTATE"},"content":{"rendered":"<h3>Suggerimenti per la preparazione<\/h3>\n<p>INFUSIONE: 3\/4 mn<br \/>\nTEMPERATURA: 80\u00b0C<\/p>","protected":false},"excerpt":{"rendered":"<div class=\"description\">\n<p>Uno dei t\u00e8 ai fiori pi\u00f9 famosi della Cina, questo t\u00e8 al gelsomino offre un raffinato equilibrio tra un t\u00e8 verde corposo e la delicata dolcezza della fragranza del fiore bianco. \u00c8 il t\u00e8 perfetto per accompagnare la cucina cinese.<br \/>\nConfezione da 24 bustine Cristal\u00ae incartate. Peso netto: 48 g<\/p>\n<\/div>\n<div id=\"features\">\n<ul>\n<li>Nota dominante : Note floreali<\/li>\n<li>Tipo(i) di infuso(i) : T\u00e8 verde<\/li>\n<li>Sapore principale : Gelsomino<\/li>\n<li>Allergeni: Il prodotto pu\u00f2 contenere tracce accidentali di noci e arachidi.<\/li>\n<\/ul>\n<\/div>","protected":false},"featured_media":13069,"template":"","meta":{"inline_featured_image":false},"product_brand":[],"product_cat":[136,172],"product_tag":[],"class_list":{"0":"post-7270","1":"product","2":"type-product","3":"status-publish","4":"has-post-thumbnail","6":"product_cat-the","7":"product_cat-the-vert","9":"first","10":"onbackorder","11":"taxable","12":"shipping-taxable","13":"purchasable","14":"product-type-simple"},"_links":{"self":[{"href":"http:\/\/esprit-cafe.ch\/it\/wp-json\/wp\/v2\/product\/7270","targetHints":{"allow":["GET"]}}],"collection":[{"href":"http:\/\/esprit-cafe.ch\/it\/wp-json\/wp\/v2\/product"}],"about":[{"href":"http:\/\/esprit-cafe.ch\/it\/wp-json\/wp\/v2\/types\/product"}],"version-history":[{"count":1,"href":"http:\/\/esprit-cafe.ch\/it\/wp-json\/wp\/v2\/product\/7270\/revisions"}],"predecessor-version":[{"id":22343,"href":"http:\/\/esprit-cafe.ch\/it\/wp-json\/wp\/v2\/product\/7270\/revisions\/22343"}],"wp:featuredmedia":[{"embeddable":true,"href":"http:\/\/esprit-cafe.ch\/it\/wp-json\/wp\/v2\/media\/13069"}],"wp:attachment":[{"href":"http:\/\/esprit-cafe.ch\/it\/wp-json\/wp\/v2\/media?parent=7270"}],"wp:term":[{"taxonomy":"product_brand","embeddable":true,"href":"http:\/\/esprit-cafe.ch\/it\/wp-json\/wp\/v2\/product_brand?post=7270"},{"taxonomy":"product_cat","embeddable":true,"href":"http:\/\/esprit-cafe.ch\/it\/wp-json\/wp\/v2\/product_cat?post=7270"},{"taxonomy":"product_tag","embeddable":true,"href":"http:\/\/esprit-cafe.ch\/it\/wp-json\/wp\/v2\/product_tag?post=7270"}],"curies":[{"name":"wp","href":"https:\/\/api.w.org\/{rel}","templated":true}]}}