{"id":7275,"date":"2020-08-13T21:57:01","date_gmt":"2020-08-13T19:57:01","guid":{"rendered":"http:\/\/y73i8axqnd.preview.infomaniak.website\/?post_type=product&#038;p=7275"},"modified":"2025-06-03T11:11:10","modified_gmt":"2025-06-03T09:11:10","slug":"giallo-limone-24-bustine-di-cristallo","status":"publish","type":"product","link":"http:\/\/esprit-cafe.ch\/it\/produit\/jaune-lemon-24-sachets-cristal-suremballes\/","title":{"rendered":"GIALLO LIMONE, 24 BUSTINE DI CRISTALLO\u00ae, SOVRACOPERTE"},"content":{"rendered":"<h3>Suggerimenti per la preparazione<\/h3>\n<p>INFUSIONE: 3\/4 mn<br \/>\nTEMPERATURA: 90\/80\u00b0C<\/p>","protected":false},"excerpt":{"rendered":"<div class=\"description\">\n<p>Una combinazione originale e inedita di t\u00e8 verde con citronella e oli essenziali di lime e limone dolce, combinati con lo zenzero, creano una fragranza armoniosa per un t\u00e8 decisamente fresco e tonificante.Ricarica per la confezione regalo Dammann Fr\u00e8res contenente 24 bustine di t\u00e8 Cristal incartate singolarmente. Pu\u00f2 essere gustato anche ghiacciato.<br \/>\nConfezione da 24 bustine di Cristal\u00ae. Peso netto: 48 g<\/p>\n<\/div>\n<div id=\"features\">\n<ul>\n<li>Nota dominante : Agrumi<\/li>\n<li>Note secondarie : Speziato \/ Legnoso<\/li>\n<li>Tipo(i) di infuso(i) : T\u00e8 verde<\/li>\n<li>Sapore principale: limone<\/li>\n<li>Aroma(i) complementare(i) : Zenzero<\/li>\n<li>Allergeni: Il prodotto pu\u00f2 contenere tracce accidentali di noci e arachidi.<\/li>\n<\/ul>\n<\/div>","protected":false},"featured_media":13070,"template":"","meta":{"inline_featured_image":false},"product_brand":[],"product_cat":[136,172],"product_tag":[],"class_list":{"0":"post-7275","1":"product","2":"type-product","3":"status-publish","4":"has-post-thumbnail","6":"product_cat-the","7":"product_cat-the-vert","9":"first","10":"onbackorder","11":"taxable","12":"shipping-taxable","13":"purchasable","14":"product-type-simple"},"_links":{"self":[{"href":"http:\/\/esprit-cafe.ch\/it\/wp-json\/wp\/v2\/product\/7275","targetHints":{"allow":["GET"]}}],"collection":[{"href":"http:\/\/esprit-cafe.ch\/it\/wp-json\/wp\/v2\/product"}],"about":[{"href":"http:\/\/esprit-cafe.ch\/it\/wp-json\/wp\/v2\/types\/product"}],"version-history":[{"count":1,"href":"http:\/\/esprit-cafe.ch\/it\/wp-json\/wp\/v2\/product\/7275\/revisions"}],"predecessor-version":[{"id":23039,"href":"http:\/\/esprit-cafe.ch\/it\/wp-json\/wp\/v2\/product\/7275\/revisions\/23039"}],"wp:featuredmedia":[{"embeddable":true,"href":"http:\/\/esprit-cafe.ch\/it\/wp-json\/wp\/v2\/media\/13070"}],"wp:attachment":[{"href":"http:\/\/esprit-cafe.ch\/it\/wp-json\/wp\/v2\/media?parent=7275"}],"wp:term":[{"taxonomy":"product_brand","embeddable":true,"href":"http:\/\/esprit-cafe.ch\/it\/wp-json\/wp\/v2\/product_brand?post=7275"},{"taxonomy":"product_cat","embeddable":true,"href":"http:\/\/esprit-cafe.ch\/it\/wp-json\/wp\/v2\/product_cat?post=7275"},{"taxonomy":"product_tag","embeddable":true,"href":"http:\/\/esprit-cafe.ch\/it\/wp-json\/wp\/v2\/product_tag?post=7275"}],"curies":[{"name":"wp","href":"https:\/\/api.w.org\/{rel}","templated":true}]}}