{"id":7295,"date":"2020-08-13T22:03:39","date_gmt":"2020-08-13T20:03:39","guid":{"rendered":"http:\/\/y73i8axqnd.preview.infomaniak.website\/?post_type=product&#038;p=7295"},"modified":"2025-12-01T13:27:09","modified_gmt":"2025-12-01T12:27:09","slug":"rooibos-agrumi-24-bustine-cristallo-sicuremballes","status":"publish","type":"product","link":"http:\/\/esprit-cafe.ch\/it\/produit\/rooibos-citrus-24-sachets-cristal-suremballes\/","title":{"rendered":"ROOIBOS AGLI AGRUMI, 24 BUSTINE DI CRISTALLO\u00ae INCARTATE"},"content":{"rendered":"<h3>Suggerimenti per la preparazione<\/h3>\n<p>INFUSIONE: 4\/5 minuti<br \/>\nTEMPERATURA: 90\u00b0C<br \/>\nCONSIGLIATO: come t\u00e8 freddo<br \/>\nMOMENTI: sera<\/p>","protected":false},"excerpt":{"rendered":"<div class=\"description\">\n<p>Proveniente dal Sudafrica, unisce gli oli essenziali di lime, clementina e arancia rossa agli aromi di cola, scorza d'arancia e girasole. Il risultato \u00e8 una miscela fresca, acidula e ricca di sapore. Pu\u00f2 essere bevuto semplice o leggermente zuccherato, ma \u00e8 ottimo anche servito freddo.<br \/>\nConfezione da 24 bustine di Cristal\u00ae. Peso netto: 48 g<\/p>\n<\/div>\n<div id=\"features\">\n<ul>\n<li>Nota dominante : Agrumi<\/li>\n<li>Tipo(i) di infuso(i) : Rooibos<\/li>\n<li>Sapore principale: limone<\/li>\n<li>Aroma(i) complementare(i) : Clementina, Arancia, Kola<\/li>\n<li>Allergeni: Il prodotto pu\u00f2 contenere tracce accidentali di noci e arachidi.<\/li>\n<\/ul>\n<\/div>","protected":false},"featured_media":13217,"template":"","meta":{"inline_featured_image":false},"product_brand":[],"product_cat":[185,174,186],"product_tag":[],"class_list":{"0":"post-7295","1":"product","2":"type-product","3":"status-publish","4":"has-post-thumbnail","6":"product_cat-infusion","7":"product_cat-rooibos","8":"product_cat-thes-infusions","10":"first","11":"onbackorder","12":"taxable","13":"shipping-taxable","14":"purchasable","15":"product-type-simple"},"_links":{"self":[{"href":"http:\/\/esprit-cafe.ch\/it\/wp-json\/wp\/v2\/product\/7295","targetHints":{"allow":["GET"]}}],"collection":[{"href":"http:\/\/esprit-cafe.ch\/it\/wp-json\/wp\/v2\/product"}],"about":[{"href":"http:\/\/esprit-cafe.ch\/it\/wp-json\/wp\/v2\/types\/product"}],"version-history":[{"count":1,"href":"http:\/\/esprit-cafe.ch\/it\/wp-json\/wp\/v2\/product\/7295\/revisions"}],"predecessor-version":[{"id":22349,"href":"http:\/\/esprit-cafe.ch\/it\/wp-json\/wp\/v2\/product\/7295\/revisions\/22349"}],"wp:featuredmedia":[{"embeddable":true,"href":"http:\/\/esprit-cafe.ch\/it\/wp-json\/wp\/v2\/media\/13217"}],"wp:attachment":[{"href":"http:\/\/esprit-cafe.ch\/it\/wp-json\/wp\/v2\/media?parent=7295"}],"wp:term":[{"taxonomy":"product_brand","embeddable":true,"href":"http:\/\/esprit-cafe.ch\/it\/wp-json\/wp\/v2\/product_brand?post=7295"},{"taxonomy":"product_cat","embeddable":true,"href":"http:\/\/esprit-cafe.ch\/it\/wp-json\/wp\/v2\/product_cat?post=7295"},{"taxonomy":"product_tag","embeddable":true,"href":"http:\/\/esprit-cafe.ch\/it\/wp-json\/wp\/v2\/product_tag?post=7295"}],"curies":[{"name":"wp","href":"https:\/\/api.w.org\/{rel}","templated":true}]}}