{"id":8499,"date":"2021-01-31T15:50:46","date_gmt":"2021-01-31T14:50:46","guid":{"rendered":"http:\/\/y73i8axqnd.preview.infomaniak.website\/?post_type=product&#038;p=8499"},"modified":"2025-11-02T22:38:32","modified_gmt":"2025-11-02T21:38:32","slug":"bali-boite-90g","status":"publish","type":"product","link":"http:\/\/esprit-cafe.ch\/it\/produit\/bali-boite-90g\/","title":{"rendered":"IL VERDE - BALI, CONFEZIONE DA 90 G"},"content":{"rendered":"<h3>Suggerimenti per la preparazione<\/h3>\n<p>INFUSIONE: 3\/4 mn<br \/>\nTEMPERATURA: 90\u00b0C<\/p>","protected":false},"excerpt":{"rendered":"<div class=\"description\">Un sottile equilibrio di note fresche, floreali e fruttate per questo t\u00e8 verde delicatamente profumato, che \u00e8 altrettanto piacevole e seducente se preparato e servito caldo o freddo (t\u00e8 verde con aromi di gelsomino, litchi, pompelmo, pesca di vite e rosa). Confezionato in un barattolo di metallo. Peso netto: 90 g<\/div>\n<div><\/div>\n<div id=\"features\">Nota dominante : Frutti esotici<\/div>\n<div>Note secondarie : Note Fleuries<\/div>\n<div>Tipo(i) di infuso(i) : T\u00e8 verde<\/div>\n<div>Sapore principale : Litchi<\/div>\n<div>Aroma(i) complementare(i) : Pompelmo, Pesca, Rosa, Gelsomino<\/div>","protected":false},"featured_media":8501,"template":"","meta":{"inline_featured_image":false},"product_brand":[],"product_cat":[136,172],"product_tag":[],"class_list":{"0":"post-8499","1":"product","2":"type-product","3":"status-publish","4":"has-post-thumbnail","6":"product_cat-the","7":"product_cat-the-vert","9":"first","10":"onbackorder","11":"taxable","12":"shipping-taxable","13":"purchasable","14":"product-type-simple"},"_links":{"self":[{"href":"http:\/\/esprit-cafe.ch\/it\/wp-json\/wp\/v2\/product\/8499","targetHints":{"allow":["GET"]}}],"collection":[{"href":"http:\/\/esprit-cafe.ch\/it\/wp-json\/wp\/v2\/product"}],"about":[{"href":"http:\/\/esprit-cafe.ch\/it\/wp-json\/wp\/v2\/types\/product"}],"version-history":[{"count":1,"href":"http:\/\/esprit-cafe.ch\/it\/wp-json\/wp\/v2\/product\/8499\/revisions"}],"predecessor-version":[{"id":22322,"href":"http:\/\/esprit-cafe.ch\/it\/wp-json\/wp\/v2\/product\/8499\/revisions\/22322"}],"wp:featuredmedia":[{"embeddable":true,"href":"http:\/\/esprit-cafe.ch\/it\/wp-json\/wp\/v2\/media\/8501"}],"wp:attachment":[{"href":"http:\/\/esprit-cafe.ch\/it\/wp-json\/wp\/v2\/media?parent=8499"}],"wp:term":[{"taxonomy":"product_brand","embeddable":true,"href":"http:\/\/esprit-cafe.ch\/it\/wp-json\/wp\/v2\/product_brand?post=8499"},{"taxonomy":"product_cat","embeddable":true,"href":"http:\/\/esprit-cafe.ch\/it\/wp-json\/wp\/v2\/product_cat?post=8499"},{"taxonomy":"product_tag","embeddable":true,"href":"http:\/\/esprit-cafe.ch\/it\/wp-json\/wp\/v2\/product_tag?post=8499"}],"curies":[{"name":"wp","href":"https:\/\/api.w.org\/{rel}","templated":true}]}}