{"id":9802,"date":"2022-01-09T20:14:33","date_gmt":"2022-01-09T19:14:33","guid":{"rendered":"http:\/\/y73i8axqnd.preview.infomaniak.website\/?post_type=product&#038;p=9802"},"modified":"2025-08-14T16:32:20","modified_gmt":"2025-08-14T14:32:20","slug":"earl-grey-green-calabria-24-bustine-di-cristallo","status":"publish","type":"product","link":"http:\/\/esprit-cafe.ch\/it\/produit\/earl-grey-vert-calabria-24-sachets-cristal-suremballes\/","title":{"rendered":"EARL GREY GREEN CALABRIA, 24 BUSTINE DI CRISTALLO\u00ae INCARTATE"},"content":{"rendered":"<h3>Suggerimenti per la preparazione<\/h3>\n<p>INFUSIONE: 3\/4 mn<br \/>\nTEMPERATURA: 90\u00b0C<\/p>","protected":false},"excerpt":{"rendered":"<div class=\"description\">\n<p>Una combinazione di t\u00e8 Earl Grey e t\u00e8 verde aromatizzata con olio essenziale di bergamotto. Freschezza, vivacit\u00e0 e il caratteristico sapore del bergamotto sono i tre punti di forza di questa deliziosa miscela.<br \/>\nConfezione da 24 bustine di Cristal\u00ae. Peso netto: 48 g<\/p>\n<\/div>\n<div id=\"features\">\n<ul>\n<li>Nota dominante : Agrumi<\/li>\n<li>Tipo(i) di infuso(i) : T\u00e8 verde<\/li>\n<li>Sapore principale : Bergamotto<\/li>\n<li>Allergeni: Il prodotto pu\u00f2 contenere tracce accidentali di noci e arachidi.<\/li>\n<\/ul>\n<\/div>","protected":false},"featured_media":9814,"template":"","meta":{"inline_featured_image":false},"product_brand":[],"product_cat":[136,172],"product_tag":[],"class_list":{"0":"post-9802","1":"product","2":"type-product","3":"status-publish","4":"has-post-thumbnail","6":"product_cat-the","7":"product_cat-the-vert","9":"first","10":"onbackorder","11":"taxable","12":"shipping-taxable","13":"purchasable","14":"product-type-simple"},"_links":{"self":[{"href":"http:\/\/esprit-cafe.ch\/it\/wp-json\/wp\/v2\/product\/9802","targetHints":{"allow":["GET"]}}],"collection":[{"href":"http:\/\/esprit-cafe.ch\/it\/wp-json\/wp\/v2\/product"}],"about":[{"href":"http:\/\/esprit-cafe.ch\/it\/wp-json\/wp\/v2\/types\/product"}],"version-history":[{"count":1,"href":"http:\/\/esprit-cafe.ch\/it\/wp-json\/wp\/v2\/product\/9802\/revisions"}],"predecessor-version":[{"id":23030,"href":"http:\/\/esprit-cafe.ch\/it\/wp-json\/wp\/v2\/product\/9802\/revisions\/23030"}],"wp:featuredmedia":[{"embeddable":true,"href":"http:\/\/esprit-cafe.ch\/it\/wp-json\/wp\/v2\/media\/9814"}],"wp:attachment":[{"href":"http:\/\/esprit-cafe.ch\/it\/wp-json\/wp\/v2\/media?parent=9802"}],"wp:term":[{"taxonomy":"product_brand","embeddable":true,"href":"http:\/\/esprit-cafe.ch\/it\/wp-json\/wp\/v2\/product_brand?post=9802"},{"taxonomy":"product_cat","embeddable":true,"href":"http:\/\/esprit-cafe.ch\/it\/wp-json\/wp\/v2\/product_cat?post=9802"},{"taxonomy":"product_tag","embeddable":true,"href":"http:\/\/esprit-cafe.ch\/it\/wp-json\/wp\/v2\/product_tag?post=9802"}],"curies":[{"name":"wp","href":"https:\/\/api.w.org\/{rel}","templated":true}]}}