{"id":20782,"date":"2023-11-17T10:09:57","date_gmt":"2023-11-17T09:09:57","guid":{"rendered":"https:\/\/esprit-cafe.ch\/?page_id=20782"},"modified":"2023-11-20T12:40:55","modified_gmt":"2023-11-20T11:40:55","slug":"rechtliche-hinweise","status":"publish","type":"page","link":"https:\/\/esprit-cafe.ch\/de\/mentions-legales\/","title":{"rendered":"Rechtliche Hinweise"},"content":{"rendered":"<div data-elementor-type=\"wp-page\" data-elementor-id=\"20782\" class=\"elementor elementor-20782\" data-elementor-post-type=\"page\">\n\t\t\t\t\t\t<section class=\"elementor-section elementor-top-section elementor-element elementor-element-15db8d73 elementor-section-boxed elementor-section-height-default elementor-section-height-default\" data-id=\"15db8d73\" data-element_type=\"section\" data-e-type=\"section\">\n\t\t\t\t\t\t<div class=\"elementor-container elementor-column-gap-default\">\n\t\t\t\t\t<div class=\"elementor-column elementor-col-100 elementor-top-column elementor-element elementor-element-b7c110d\" data-id=\"b7c110d\" data-element_type=\"column\" data-e-type=\"column\">\n\t\t\t<div class=\"elementor-widget-wrap elementor-element-populated\">\n\t\t\t\t\t\t<div class=\"elementor-element elementor-element-682ace1b elementor-widget elementor-widget-text-editor\" data-id=\"682ace1b\" data-element_type=\"widget\" data-e-type=\"widget\" data-widget_type=\"text-editor.default\">\n\t\t\t\t<div class=\"elementor-widget-container\">\n\t\t\t\t\t\t\t\t\t\n<h3><strong>Rechtliche Hinweise<\/strong><\/h3>\n\n<ol class=\"wp-block-list\">\n<li>\n<h4><strong>Einf\u00fchrung<\/strong><\/h4>\nDiese Allgemeinen Gesch\u00e4ftsbedingungen gelten f\u00fcr diese Website und f\u00fcr Transaktionen im Zusammenhang mit unseren Produkten und Dienstleistungen. Es k\u00f6nnen auch zus\u00e4tzliche Vertr\u00e4ge in Kraft sein, die im Falle eines Konflikts mit diesen Allgemeinen Gesch\u00e4ftsbedingungen Vorrang haben.<\/li>\n\n<li>\n<h4><strong>Obligatorisch<\/strong><\/h4>\nDurch die Nutzung dieser Website erkl\u00e4ren Sie sich mit den unten aufgef\u00fchrten Bedingungen einverstanden. Ihre blo\u00dfe Nutzung der Website setzt die Kenntnis und Annahme dieser Bedingungen voraus. In besonderen F\u00e4llen k\u00f6nnen ausdr\u00fcckliche Vereinbarungen erforderlich sein.<\/li>\n\n<li>\n<h4><strong>Elektronische Kommunikation<\/strong><\/h4>\nWenn Sie diese Seite nutzen oder mit uns auf elektronischem Wege kommunizieren, erkl\u00e4ren Sie sich damit einverstanden, dass die elektronische Kommunikation den gesetzlichen Anforderungen entspricht.<\/li>\n\n<li>\n<h4><strong>Geistiges Eigentum <\/strong><\/h4>\nAlle Urheberrechte und sonstigen Rechte an geistigem Eigentum an der Website und den zugeh\u00f6rigen Ressourcen liegen bei uns oder unseren Lizenznehmern.<\/li>\n<li>\n<h4><strong>Alle Rechte vorbehalten<\/strong><\/h4>\nSofern nicht anders angegeben, wird keine Lizenz im Rahmen von Urheberrechten oder anderen Rechten an geistigem Eigentum gew\u00e4hrt.<\/li>\n<\/ol>\n\n<ol class=\"wp-block-list\" start=\"5\">\n<li>\n<h4><strong>Newsletter<\/strong><\/h4>\nSie k\u00f6nnen unseren E-Mail-Newsletter an andere Interessierte weitergeben.<\/li>\n\n<li>\n<h4><strong>Eigentum von Dritten<\/strong><\/h4>\nLinks zu Seiten Dritter werden von uns nicht \u00fcberwacht, und wir sind nicht f\u00fcr deren Inhalt verantwortlich.<\/li>\n\n<li>\n<h4><strong>Verantwortungsvolle Nutzung <\/strong><\/h4>\nSie erkl\u00e4ren sich damit einverstanden, die Website in \u00dcbereinstimmung mit den geltenden Gesetzen und Vorschriften zu nutzen. Jegliche Aktivit\u00e4ten, die der Website schaden, sind strengstens untersagt.<\/li>\n\n<li>\n<h4><strong>Anmeldung <\/strong><\/h4>\nSie k\u00f6nnen auf unserer Website ein Konto er\u00f6ffnen. Sie sind daf\u00fcr verantwortlich, die Vertraulichkeit Ihrer Informationen zu wahren.<\/li>\n\n<li>\n<h4><strong>Richtlinien f\u00fcr R\u00fcckerstattung und R\u00fcckgabe <\/strong><\/h4>\nLesen Sie den ausf\u00fchrlichen Abschnitt \u00fcber unsere R\u00fcckgabe- und Erstattungspolitik, einschlie\u00dflich des Rechts auf Widerruf innerhalb von 14 Tagen.<\/li>\n\n<li>\n<h4><strong>Einreichen einer Idee <\/strong><\/h4>\n\u00dcbermitteln Sie kein geistiges Eigentum ohne vorherige schriftliche Zustimmung. Wir d\u00fcrfen offengelegte Ideen mit Zustimmung verwenden.<\/li>\n\n<li>\n<h4><strong>Ende der Nutzung <\/strong><\/h4>\nWir k\u00f6nnen den Zugang zur Website nach eigenem Ermessen \u00e4ndern oder beenden.<\/li>\n\n<li>\n<h4><strong>Garantien und Haftung <\/strong><\/h4>\nDie Website wird \"wie besehen\" bereitgestellt. Unsere Haftung ist auf den Gesamtwert beschr\u00e4nkt, der f\u00fcr unsere Produkte oder Dienstleistungen bezahlt wurde.<\/li>\n\n<li>\n<h4><strong>Datenschutz <\/strong><\/h4>\nIhre pers\u00f6nlichen Daten werden in \u00dcbereinstimmung mit unserer Datenschutzerkl\u00e4rung und Cookie-Richtlinie behandelt.<\/li>\n\n<li>\n<h4><strong>Exportbeschr\u00e4nkungen \/ Rechtskonformit\u00e4t <\/strong><\/h4>\nDer Zugriff auf die Seite aus Gebieten, in denen dies illegal ist, ist verboten.<\/li>\n\n<li>\n<h4><strong>Affiliate Marketing<\/strong><\/h4>\nWir k\u00f6nnen gem\u00e4\u00df den geltenden Gesetzen am Affiliate-Marketing teilnehmen.<\/li>\n\n<li>\n<h4><strong>Zuweisung <\/strong><\/h4>\nEine Abtretung ist ohne vorherige schriftliche Zustimmung nicht zul\u00e4ssig.<\/li>\n\n<li>\n<h4><strong>Versto\u00df gegen diese Allgemeinen Gesch\u00e4ftsbedingungen <\/strong><\/h4>\nIm Falle eines Versto\u00dfes werden geeignete Ma\u00dfnahmen ergriffen.<\/li>\n\n<li>\n<h4><strong>Entsch\u00e4digung <\/strong><\/h4>\nSie erkl\u00e4ren sich damit einverstanden, uns von allen Anspr\u00fcchen freizustellen, die sich aus einem Versto\u00df gegen die Allgemeinen Gesch\u00e4ftsbedingungen ergeben.<\/li>\n\n<li>\n<h4><strong>Ausnahmeregelung <\/strong><\/h4>\nDie Nichtanwendung einer Bestimmung stellt keinen Verzicht dar.<\/li>\n\n<li>\n<h4><strong>Sprache <\/strong><\/h4>\nDie Allgemeinen Gesch\u00e4ftsbedingungen sind in Deutsch, Franz\u00f6sisch, Englisch und Italienisch verf\u00fcgbar. Die Mitteilungen werden in diesen Sprachen verfasst.<\/li>\n\n<li>\n<h4><strong>Vollst\u00e4ndige Vereinbarung <\/strong><\/h4>\nDie Allgemeinen Gesch\u00e4ftsbedingungen, die Datenschutzerkl\u00e4rung und die Cookie-Richtlinie stellen die gesamte Vereinbarung dar.<\/li>\n\n<li>\n<h4><strong>Aktualisierung der allgemeinen Gesch\u00e4ftsbedingungen <\/strong><\/h4>\nDie Allgemeinen Gesch\u00e4ftsbedingungen k\u00f6nnen von Zeit zu Zeit aktualisiert werden.<\/li>\n\n<li>\n<h4><strong>Wahl des Rechts und der Gerichtsbarkeit <\/strong><\/h4>\nDie Allgemeinen Gesch\u00e4ftsbedingungen unterliegen den Gesetzen der Schweiz.<\/li>\n\n<li>\n<h4><strong>Kontaktinformationen <\/strong><\/h4>\nEsprit Caf\u00e9 S\u00e0rl, Faubourg du lac 9, 2000 Neuch\u00e2tel. Kontakt: +41 32 721 04 00 oder <a href=\"mailto:info@esprit-cafe.ch\">info@esprit-cafe.ch<\/a><\/li>\n<li>\n<h4><strong>Eintragung ins Handelsregister<\/strong><\/h4>\n<p>Firmenname: Esprit Caf\u00e9 S\u00e0rl. Handelsregisternummer: CHE-236.251.428<\/p>\n<\/li>\n<\/ol>\n\t\t\t\t\t\t\t\t<\/div>\n\t\t\t\t<\/div>\n\t\t\t\t\t<\/div>\n\t\t<\/div>\n\t\t\t\t\t<\/div>\n\t\t<\/section>\n\t\t\t\t<\/div>","protected":false},"excerpt":{"rendered":"<p>Rechtliche Hinweise<\/p>","protected":false},"author":741,"featured_media":0,"parent":0,"menu_order":0,"comment_status":"closed","ping_status":"closed","template":"","meta":{"inline_featured_image":false,"footnotes":""},"class_list":["post-20782","page","type-page","status-publish","hentry"],"_links":{"self":[{"href":"https:\/\/esprit-cafe.ch\/de\/wp-json\/wp\/v2\/pages\/20782","targetHints":{"allow":["GET"]}}],"collection":[{"href":"https:\/\/esprit-cafe.ch\/de\/wp-json\/wp\/v2\/pages"}],"about":[{"href":"https:\/\/esprit-cafe.ch\/de\/wp-json\/wp\/v2\/types\/page"}],"author":[{"embeddable":true,"href":"https:\/\/esprit-cafe.ch\/de\/wp-json\/wp\/v2\/users\/741"}],"replies":[{"embeddable":true,"href":"https:\/\/esprit-cafe.ch\/de\/wp-json\/wp\/v2\/comments?post=20782"}],"version-history":[{"count":0,"href":"https:\/\/esprit-cafe.ch\/de\/wp-json\/wp\/v2\/pages\/20782\/revisions"}],"wp:attachment":[{"href":"https:\/\/esprit-cafe.ch\/de\/wp-json\/wp\/v2\/media?parent=20782"}],"curies":[{"name":"wp","href":"https:\/\/api.w.org\/{rel}","templated":true}]}}