{"id":20782,"date":"2023-11-17T10:09:57","date_gmt":"2023-11-17T09:09:57","guid":{"rendered":"https:\/\/esprit-cafe.ch\/?page_id=20782"},"modified":"2023-11-20T12:40:55","modified_gmt":"2023-11-20T11:40:55","slug":"informazioni-legali","status":"publish","type":"page","link":"https:\/\/esprit-cafe.ch\/it\/mentions-legales\/","title":{"rendered":"Informazioni legali"},"content":{"rendered":"<div data-elementor-type=\"wp-page\" data-elementor-id=\"20782\" class=\"elementor elementor-20782\" data-elementor-post-type=\"page\">\n\t\t\t\t\t\t<section class=\"elementor-section elementor-top-section elementor-element elementor-element-15db8d73 elementor-section-boxed elementor-section-height-default elementor-section-height-default\" data-id=\"15db8d73\" data-element_type=\"section\" data-e-type=\"section\">\n\t\t\t\t\t\t<div class=\"elementor-container elementor-column-gap-default\">\n\t\t\t\t\t<div class=\"elementor-column elementor-col-100 elementor-top-column elementor-element elementor-element-b7c110d\" data-id=\"b7c110d\" data-element_type=\"column\" data-e-type=\"column\">\n\t\t\t<div class=\"elementor-widget-wrap elementor-element-populated\">\n\t\t\t\t\t\t<div class=\"elementor-element elementor-element-682ace1b elementor-widget elementor-widget-text-editor\" data-id=\"682ace1b\" data-element_type=\"widget\" data-e-type=\"widget\" data-widget_type=\"text-editor.default\">\n\t\t\t\t<div class=\"elementor-widget-container\">\n\t\t\t\t\t\t\t\t\t\n<h3><strong>Informazioni legali<\/strong><\/h3>\n\n<ol class=\"wp-block-list\">\n<li>\n<h4><strong>Introduzione<\/strong><\/h4>\nI presenti termini e condizioni si applicano a questo sito web e alle transazioni relative ai nostri prodotti e servizi. Possono essere in vigore anche accordi aggiuntivi che prevalgono in caso di conflitto con i presenti termini e condizioni.<\/li>\n\n<li>\n<h4><strong>Obbligatorio<\/strong><\/h4>\nUtilizzando questo sito, accettate i termini e le condizioni di seguito riportati. Il semplice utilizzo del sito implica la conoscenza e l'accettazione di queste condizioni. In alcuni casi specifici possono essere richiesti accordi espliciti.<\/li>\n\n<li>\n<h4><strong>Comunicazione elettronica<\/strong><\/h4>\nUtilizzando questo sito o comunicando con noi per via elettronica, l'utente accetta che le comunicazioni elettroniche siano conformi ai requisiti legali.<\/li>\n\n<li>\n<h4><strong>Propriet\u00e0 intellettuale <\/strong><\/h4>\nTutti i diritti d'autore e gli altri diritti di propriet\u00e0 intellettuale del sito web e delle risorse associate sono di nostra propriet\u00e0 o dei nostri licenziatari.<\/li>\n<li>\n<h4><strong>Tutti i diritti riservati<\/strong><\/h4>\nSe non diversamente indicato, non viene concessa alcuna licenza di copyright o di altri diritti di propriet\u00e0 intellettuale.<\/li>\n<\/ol>\n\n<ol class=\"wp-block-list\" start=\"5\">\n<li>\n<h4><strong>Newsletter<\/strong><\/h4>\n\u00c8 possibile condividere la nostra newsletter elettronica con altre persone interessate.<\/li>\n\n<li>\n<h4><strong>Propriet\u00e0 di terzi<\/strong><\/h4>\nI link a siti di terzi non sono monitorati da noi e non siamo responsabili del loro contenuto.<\/li>\n\n<li>\n<h4><strong>Uso responsabile <\/strong><\/h4>\nL'utente accetta di utilizzare il sito in conformit\u00e0 alle leggi e ai regolamenti vigenti. Qualsiasi attivit\u00e0 dannosa per il sito \u00e8 severamente vietata.<\/li>\n\n<li>\n<h4><strong>Registrazione <\/strong><\/h4>\n\u00c8 possibile aprire un conto sul nostro sito. L'utente \u00e8 responsabile del mantenimento della riservatezza delle proprie informazioni.<\/li>\n\n<li>\n<h4><strong>Politica di rimborso e restituzione <\/strong><\/h4>\nConsultare la sezione dettagliata sulla nostra politica di restituzione e rimborso, compreso il diritto di recesso entro 14 giorni.<\/li>\n\n<li>\n<h4><strong>Presentazione di idee <\/strong><\/h4>\nNon inviate alcuna propriet\u00e0 intellettuale senza previo consenso scritto. Possiamo utilizzare le idee divulgate con il vostro consenso.<\/li>\n\n<li>\n<h4><strong>Fine dell'utilizzo <\/strong><\/h4>\nPossiamo modificare o interrompere l'accesso al sito a nostra discrezione.<\/li>\n\n<li>\n<h4><strong>Garanzie e responsabilit\u00e0 <\/strong><\/h4>\nIl sito \u00e8 fornito \"cos\u00ec com'\u00e8\". La nostra responsabilit\u00e0 \u00e8 limitata al valore totale pagato per i nostri prodotti o servizi.<\/li>\n\n<li>\n<h4><strong>Riservatezza <\/strong><\/h4>\nI vostri dati personali sono trattati in conformit\u00e0 alla nostra dichiarazione sulla privacy e alla nostra politica sui cookie.<\/li>\n\n<li>\n<h4><strong>Restrizioni alle esportazioni \/ Conformit\u00e0 legale <\/strong><\/h4>\n\u00c8 vietato l'accesso al sito da territori in cui ci\u00f2 \u00e8 illegale.<\/li>\n\n<li>\n<h4><strong>Marketing di affiliazione<\/strong><\/h4>\nPossiamo partecipare al marketing di affiliazione in conformit\u00e0 alle leggi vigenti.<\/li>\n\n<li>\n<h4><strong>Assegnazione <\/strong><\/h4>\nNon \u00e8 autorizzato alcun trasferimento senza previa autorizzazione scritta.<\/li>\n\n<li>\n<h4><strong>Violazione dei presenti termini e condizioni <\/strong><\/h4>\nIn caso di violazione, saranno adottate misure adeguate.<\/li>\n\n<li>\n<h4><strong>Compensazione <\/strong><\/h4>\nL'utente accetta di indennizzare la societ\u00e0 da qualsiasi reclamo relativo a una violazione dei termini e delle condizioni.<\/li>\n\n<li>\n<h4><strong>Deroga <\/strong><\/h4>\nLa mancata applicazione di una disposizione non costituisce una rinuncia.<\/li>\n\n<li>\n<h4><strong>Lingua <\/strong><\/h4>\nLe condizioni generali sono disponibili in francese, tedesco, inglese e italiano. Le comunicazioni saranno effettuate in queste lingue.<\/li>\n\n<li>\n<h4><strong>Accordo completo <\/strong><\/h4>\nI Termini e condizioni generali, l'Informativa sulla privacy e la Politica sui cookie costituiscono l'intero accordo.<\/li>\n\n<li>\n<h4><strong>Aggiornamento delle condizioni generali di contratto <\/strong><\/h4>\nI termini e le condizioni generali possono essere aggiornati di volta in volta.<\/li>\n\n<li>\n<h4><strong>Scelta della legge e della giurisdizione <\/strong><\/h4>\nLe Condizioni Generali sono disciplinate dal diritto svizzero.<\/li>\n\n<li>\n<h4><strong>Informazioni di contatto <\/strong><\/h4>\nEsprit Caf\u00e9 S\u00e0rl, Faubourg du lac 9, 2000 Neuch\u00e2tel. Contatto: +41 32 721 04 00 o <a href=\"mailto:info@esprit-cafe.ch\">info@esprit-cafe.ch<\/a><\/li>\n<li>\n<h4><strong>Iscrizione nel registro delle imprese<\/strong><\/h4>\n<p>Nome dell'azienda: Esprit Caf\u00e9 S\u00e0rl. Numero di registro commerciale: CHE-236.251.428<\/p>\n<\/li>\n<\/ol>\n\t\t\t\t\t\t\t\t<\/div>\n\t\t\t\t<\/div>\n\t\t\t\t\t<\/div>\n\t\t<\/div>\n\t\t\t\t\t<\/div>\n\t\t<\/section>\n\t\t\t\t<\/div>","protected":false},"excerpt":{"rendered":"<p>Informazioni legali<\/p>","protected":false},"author":741,"featured_media":0,"parent":0,"menu_order":0,"comment_status":"closed","ping_status":"closed","template":"","meta":{"inline_featured_image":false,"footnotes":""},"class_list":["post-20782","page","type-page","status-publish","hentry"],"_links":{"self":[{"href":"https:\/\/esprit-cafe.ch\/it\/wp-json\/wp\/v2\/pages\/20782","targetHints":{"allow":["GET"]}}],"collection":[{"href":"https:\/\/esprit-cafe.ch\/it\/wp-json\/wp\/v2\/pages"}],"about":[{"href":"https:\/\/esprit-cafe.ch\/it\/wp-json\/wp\/v2\/types\/page"}],"author":[{"embeddable":true,"href":"https:\/\/esprit-cafe.ch\/it\/wp-json\/wp\/v2\/users\/741"}],"replies":[{"embeddable":true,"href":"https:\/\/esprit-cafe.ch\/it\/wp-json\/wp\/v2\/comments?post=20782"}],"version-history":[{"count":0,"href":"https:\/\/esprit-cafe.ch\/it\/wp-json\/wp\/v2\/pages\/20782\/revisions"}],"wp:attachment":[{"href":"https:\/\/esprit-cafe.ch\/it\/wp-json\/wp\/v2\/media?parent=20782"}],"curies":[{"name":"wp","href":"https:\/\/api.w.org\/{rel}","templated":true}]}}