{"id":3,"date":"2020-07-13T17:11:49","date_gmt":"2020-07-13T15:11:49","guid":{"rendered":"http:\/\/y73i8axqnd.preview.infomaniak.website\/?page_id=3"},"modified":"2023-11-17T11:52:17","modified_gmt":"2023-11-17T10:52:17","slug":"informativa-sulla-privacy","status":"publish","type":"page","link":"https:\/\/esprit-cafe.ch\/it\/politique-de-confidentialite\/","title":{"rendered":"Informativa sulla privacy"},"content":{"rendered":"<div data-elementor-type=\"wp-page\" data-elementor-id=\"3\" class=\"elementor elementor-3\" data-elementor-post-type=\"page\">\n\t\t\t\t\t\t<section class=\"elementor-section elementor-top-section elementor-element elementor-element-303afcbd elementor-section-boxed elementor-section-height-default elementor-section-height-default\" data-id=\"303afcbd\" data-element_type=\"section\" data-e-type=\"section\">\n\t\t\t\t\t\t<div class=\"elementor-container elementor-column-gap-default\">\n\t\t\t\t\t<div class=\"elementor-column elementor-col-100 elementor-top-column elementor-element elementor-element-50ccf617\" data-id=\"50ccf617\" data-element_type=\"column\" data-e-type=\"column\">\n\t\t\t<div class=\"elementor-widget-wrap elementor-element-populated\">\n\t\t\t\t\t\t<div class=\"elementor-element elementor-element-17c8080 elementor-widget elementor-widget-text-editor\" data-id=\"17c8080\" data-element_type=\"widget\" data-e-type=\"widget\" data-widget_type=\"text-editor.default\">\n\t\t\t\t<div class=\"elementor-widget-container\">\n\t\t\t\t\t\t\t\t\t\n<h2 class=\"wp-block-heading\">Chi siamo?<\/h2>\n\n<p>Benvenuti nel sito web dell'Esprit Caf\u00e9, raggiungibile al seguente indirizzo <a href=\"https:\/\/esprit-cafe.ch\/it\/\" target=\"_new\">https:\/\/esprit-cafe.ch<\/a>. Siamo un'azienda svizzera con la passione di fornire prodotti, macchine e accessori di qualit\u00e0 per il caff\u00e8 e il t\u00e8.<\/p>\n\n<h2 class=\"wp-block-heading\">Utilizzo dei dati personali raccolti<\/h2>\n\n<h3 class=\"wp-block-heading\">Commenti<\/h3>\n\n<p>Quando l'utente lascia un commento sul nostro sito web, raccogliamo i dati forniti nel modulo di commento, nonch\u00e9 l'indirizzo IP e l'user agent del browser, al fine di individuare i commenti indesiderati.<\/p>\n\n<h3 class=\"wp-block-heading\">Media<\/h3>\n\n<p>Se caricate immagini sul nostro sito come utenti registrati, evitate di includere i dati EXIF delle coordinate GPS, poich\u00e9 i visitatori del sito possono estrarre queste informazioni.<\/p>\n\n<h3 class=\"wp-block-heading\">Moduli di contatto<\/h3>\n<p>Quando utilizzate i nostri moduli di contatto, raccogliamo i dati che decidete di condividere con noi per rispondere alle vostre richieste.<\/p>\n\n<h3 class=\"wp-block-heading\">Biscotti<\/h3>\n\n<p>Quando lasciate un commento, vi offriamo di salvare il vostro nome, l'indirizzo e-mail e il sito web nei cookie per vostra comodit\u00e0. Questi cookie scadono dopo un anno. Al momento dell'accesso viene inoltre creato un cookie temporaneo per determinare se il browser accetta i cookie, senza contenere dati personali.<\/p>\n<p>Quando si accede al sito, utilizziamo dei cookie per registrare i dati di accesso e le preferenze dello schermo. Questi cookie hanno una durata di due giorni, mentre il cookie delle opzioni dello schermo ha una durata di un anno. Se si seleziona \"Ricordami\", il cookie di accesso viene memorizzato per due settimane. Quando un articolo viene modificato o pubblicato, viene salvato un ulteriore cookie che non contiene dati personali e che scade dopo un giorno.<\/p>\n\n<h3 class=\"wp-block-heading\">Contenuti incorporati da altri siti<\/h3>\n\n<p>Gli articoli del nostro sito possono includere contenuti incorporati (video, immagini, articoli) provenienti da altri siti. Questi contenuti si comportano come se il visitatore stesse visitando questi siti.<\/p>\n<p>Questi siti di terze parti possono raccogliere dati, utilizzare cookie e integrare strumenti di tracciamento di terze parti, tracciando le interazioni dell'utente con questo contenuto incorporato se l'utente ha un account collegato al loro sito.<\/p>\n\n<h3 class=\"wp-block-heading\">Statistiche e misurazione dell'audience<\/h3>\n<p>Utilizziamo strumenti di analisi per raccogliere statistiche e misurare l'audience del nostro sito, al fine di migliorare costantemente l'esperienza dell'utente.<\/p>\n\n<h2 class=\"wp-block-heading\">Utilizzo e trasmissione dei dati personali<\/h2>\n\n<h3 class=\"wp-block-heading\">Periodi di conservazione dei dati<\/h3>\n\n<p>Se si lascia un commento, il commento e i suoi metadati vengono conservati a tempo indeterminato. Ci\u00f2 consente di riconoscere e approvare automaticamente i commenti successivi, invece di lasciarli nella coda di moderazione.<\/p>\n\n<p>Per gli utenti che si registrano sul nostro sito (ove possibile), memorizziamo anche i dati personali indicati nel loro profilo. Tutti gli utenti possono visualizzare, modificare o cancellare i propri dati personali in qualsiasi momento (ad eccezione del nome utente). Anche i gestori del sito possono visualizzare e modificare tali informazioni.<\/p>\n\n<h3 class=\"wp-block-heading\">I diritti che avete sui vostri dati<\/h3>\n\n<p>Se avete un account o se avete lasciato commenti sul sito, potete richiedere di ricevere un file contenente tutti i dati personali in nostro possesso, compresi quelli che ci avete fornito. Potete anche richiedere la cancellazione dei vostri dati personali. Sono esclusi i dati memorizzati per scopi amministrativi, legali o di sicurezza.<\/p>\n\n<h3 class=\"wp-block-heading\">Trasmissione dei dati personali<\/h3>\n\n<p>I commenti dei visitatori possono essere controllati con un servizio automatico per individuare i commenti indesiderati.<\/p>\n\n<h2 class=\"wp-block-heading\">Informazioni di contatto<\/h2>\n<p>Per qualsiasi domanda sulla nostra politica sulla privacy o sul modo in cui trattiamo i vostri dati personali, vi preghiamo di contattarci al seguente indirizzo<br \/><br \/><\/p>\n<ul>\n<li><span class=\"cmplz-contact-organisation\">Esprit Caf\u00e9 S\u00e0rl<\/span><\/li>\n<li><span class=\"cmplz-contact-address\">Faubourg du Lac 9<\/span><\/li>\n<li><span class=\"cmplz-contact-address\">2000 Neuch\u00e2tel<\/span><\/li>\n<li><span class=\"cmplz-contact-address\">CH-SVIZZERA<br \/><br \/><\/span><\/li>\n<li>Sito web :\u00a0<span class=\"cmplz-contact-domain\"><a href=\"https:\/\/esprit-cafe.ch\/it\/\">https:\/\/esprit-cafe.ch<\/a><\/span><\/li>\n<li>E-mail : info<span class=\"cmplz-contact-email\"><span class=\"cmplz-obfuscate\">@esprit-cafe.ch<\/span><\/span><\/li>\n<li><span class=\"cmplz-contact-telephone\">Telefono: +41 32 721 04 00<\/span><\/li>\n<\/ul>\n\n<h2 class=\"wp-block-heading\">Ulteriori informazioni<\/h2>\n\n<h3 class=\"wp-block-heading\">Come proteggiamo i vostri dati<\/h3>\n<p>Attribuiamo grande importanza alla sicurezza dei vostri dati personali. Per garantire la riservatezza e l'integrit\u00e0 di questi dati, abbiamo adottato misure di sicurezza adeguate, tra cui protocolli di crittografia e firewall.<\/p>\n\n<h3 class=\"wp-block-heading\">Procedure attuate in caso di fuga di dati<\/h3>\n<p>In caso di fuga di dati, ci impegniamo ad adottare tutte le misure necessarie per porre rimedio alla situazione nel pi\u00f9 breve tempo possibile. Ci\u00f2 include l'identificazione della causa della perdita, la notifica alle autorit\u00e0 competenti e la comunicazione trasparente con le persone interessate.<\/p>\n\n<h3 class=\"wp-block-heading\">Servizi di terze parti che ci inviano dati<\/h3>\n<p>Non scambiamo n\u00e9 vendiamo i vostri dati personali a terzi per scopi commerciali. Tuttavia, possiamo utilizzare servizi di terze parti per migliorare il nostro sito web, analizzare i dati o facilitare le transazioni. Queste terze parti sono tenute a rispettare la riservatezza dei vostri dati.<\/p>\n\n<h3 class=\"wp-block-heading\">Operazioni di marketing automatizzato e\/o di profilazione effettuate con l'utilizzo di dati personali<\/h3>\n<p>Non effettuiamo operazioni di marketing automatizzato o di profilazione che possano avere un impatto significativo sull'utente senza il suo esplicito consenso.<\/p>\n\n<h3 class=\"wp-block-heading\">Visualizzazione di informazioni relative a settori soggetti a normative specifiche<\/h3>\n<p>In qualit\u00e0 di venditori di prodotti a base di caff\u00e8 e t\u00e8, rispettiamo tutte le normative specifiche applicabili al nostro settore in Svizzera. Ci impegniamo a fornire tutte le informazioni richieste sui nostri prodotti, compresi gli ingredienti, i processi di produzione e le eventuali certificazioni.<\/p>\n\t\t\t\t\t\t\t\t<\/div>\n\t\t\t\t<\/div>\n\t\t\t\t\t<\/div>\n\t\t<\/div>\n\t\t\t\t\t<\/div>\n\t\t<\/section>\n\t\t\t\t<\/div>","protected":false},"excerpt":{"rendered":"<p>Qui sommes-nous\u00a0? Bienvenue sur le site d&#8217;Esprit Caf\u00e9, accessible \u00e0 l&#8217;adresse https:\/\/esprit-cafe.ch. Nous sommes une entreprise bas\u00e9e en Suisse, passionn\u00e9e par la fourniture de produits de caf\u00e9 et de th\u00e9, ainsi que de machines et d&#8217;accessoires de qualit\u00e9. Utilisation des donn\u00e9es personnelles collect\u00e9es Commentaires Lorsque vous laissez un commentaire sur notre site web, nous collectons [&hellip;]<\/p>\n","protected":false},"author":1,"featured_media":0,"parent":0,"menu_order":0,"comment_status":"closed","ping_status":"closed","template":"","meta":{"inline_featured_image":false,"footnotes":""},"class_list":["post-3","page","type-page","status-publish","hentry"],"_links":{"self":[{"href":"https:\/\/esprit-cafe.ch\/it\/wp-json\/wp\/v2\/pages\/3","targetHints":{"allow":["GET"]}}],"collection":[{"href":"https:\/\/esprit-cafe.ch\/it\/wp-json\/wp\/v2\/pages"}],"about":[{"href":"https:\/\/esprit-cafe.ch\/it\/wp-json\/wp\/v2\/types\/page"}],"author":[{"embeddable":true,"href":"https:\/\/esprit-cafe.ch\/it\/wp-json\/wp\/v2\/users\/1"}],"replies":[{"embeddable":true,"href":"https:\/\/esprit-cafe.ch\/it\/wp-json\/wp\/v2\/comments?post=3"}],"version-history":[{"count":0,"href":"https:\/\/esprit-cafe.ch\/it\/wp-json\/wp\/v2\/pages\/3\/revisions"}],"wp:attachment":[{"href":"https:\/\/esprit-cafe.ch\/it\/wp-json\/wp\/v2\/media?parent=3"}],"curies":[{"name":"wp","href":"https:\/\/api.w.org\/{rel}","templated":true}]}}